{"id":102,"date":"2021-12-15T14:49:57","date_gmt":"2021-12-15T14:49:57","guid":{"rendered":"https:\/\/startersites.io\/blocksy\/garderobe\/?post_type=product&#038;p=102"},"modified":"2025-12-13T16:41:19","modified_gmt":"2025-12-13T20:41:19","slug":"noit","status":"publish","type":"product","link":"https:\/\/lessencearoma.com\/es\/classic-collection-cat\/noit\/","title":{"rendered":"Noit"},"content":{"rendered":"<p><strong>Noit<\/strong><\/p>\n<p>C\u00f3mo usar<\/p>\n<p>En L\u2019Essence Paris, nuestras fragancias est\u00e1n dise\u00f1adas exclusivamente para usarse con difusores de aire fr\u00edo, brindando una experiencia de aroma lujosa en cada espacio.<\/p>\n<ul>\n<li>Retira la botella del difusor.<\/li>\n<li>A\u00f1ade tu fragancia favorita de L'Essence Paris.<\/li>\n<li>Atornilla firmemente la botella de nuevo en el difusor en posici\u00f3n vertical.<\/li>\n<li>Ajusta la intensidad a tu nivel deseado y disfruta de una atm\u00f3sfera arom\u00e1tica refinada.<\/li>\n<\/ul>\n<p>Nota: No requiere mezcla con agua u otros productos.<\/p>\n<p>Nuestras fragancias son solo para uso en difusores. No aplicar sobre la piel ni ingerir.<\/p>\n<p>&nbsp;<\/p>","protected":false},"excerpt":{"rendered":"<p><strong>Noit\u00a0<\/strong><\/p>\n<p>Delicada y exquisita, Noit captura el vibrante encanto del lujo moderno.<\/p>\n<p>Se abre con una luminosa mezcla de crema de lim\u00f3n de hotel, granadas rojas y frambuesa, creando un brillo afrutado y delicioso.<\/p>\n<p>En su esencia, delicadas notas de peon\u00eda florecen con gracia, mientras que un fondo de maderas blancas a\u00f1ade profundidad y sofisticaci\u00f3n.<\/p>\n<p>Noit es una celebraci\u00f3n de la elegancia alegre: una fragancia dise\u00f1ada para encantar los sentidos con frescura, dulzura y belleza refinada.<\/p>","protected":false},"featured_media":11899,"comment_status":"open","ping_status":"closed","template":"","meta":{"_joinchat":[]},"product_brand":[],"product_cat":[261,200,206,219],"product_tag":[],"class_list":{"0":"post-102","1":"product","2":"type-product","3":"status-publish","4":"has-post-thumbnail","6":"product_cat-classic-collection-cat","7":"product_cat-essential-oils-cat","8":"product_cat-hotel-collection-cat","9":"product_cat-sweet","10":"pa_fragrance-family-hotel-collection","11":"pa_fragrance-family-sweet","12":"pa_size-100-ml","13":"pa_size-500-ml","15":"first","16":"instock","17":"taxable","18":"shipping-taxable","19":"purchasable","20":"product-type-variable"},"bundled_by":["12027","12029"],"bundle_stock_status":"instock","bundle_stock_quantity":null,"bundle_virtual":false,"bundle_layout":"","bundle_add_to_cart_form_location":"","bundle_editable_in_cart":false,"bundle_sold_individually_context":"","bundle_item_grouping":"","bundle_min_size":"","bundle_max_size":"","bundle_price":[],"bundled_items":[],"bundle_sell_ids":[],"jetpack_sharing_enabled":true,"_links":{"self":[{"href":"https:\/\/lessencearoma.com\/es\/wp-json\/wp\/v2\/product\/102","targetHints":{"allow":["GET"]}}],"collection":[{"href":"https:\/\/lessencearoma.com\/es\/wp-json\/wp\/v2\/product"}],"about":[{"href":"https:\/\/lessencearoma.com\/es\/wp-json\/wp\/v2\/types\/product"}],"replies":[{"embeddable":true,"href":"https:\/\/lessencearoma.com\/es\/wp-json\/wp\/v2\/comments?post=102"}],"wp:featuredmedia":[{"embeddable":true,"href":"https:\/\/lessencearoma.com\/es\/wp-json\/wp\/v2\/media\/11899"}],"wp:attachment":[{"href":"https:\/\/lessencearoma.com\/es\/wp-json\/wp\/v2\/media?parent=102"}],"wp:term":[{"taxonomy":"product_brand","embeddable":true,"href":"https:\/\/lessencearoma.com\/es\/wp-json\/wp\/v2\/product_brand?post=102"},{"taxonomy":"product_cat","embeddable":true,"href":"https:\/\/lessencearoma.com\/es\/wp-json\/wp\/v2\/product_cat?post=102"},{"taxonomy":"product_tag","embeddable":true,"href":"https:\/\/lessencearoma.com\/es\/wp-json\/wp\/v2\/product_tag?post=102"}],"curies":[{"name":"wp","href":"https:\/\/api.w.org\/{rel}","templated":true}]}}