{"id":11838,"date":"2025-09-19T10:33:44","date_gmt":"2025-09-19T14:33:44","guid":{"rendered":"https:\/\/lessencearoma.com\/?post_type=product&#038;p=11838"},"modified":"2025-11-29T15:30:50","modified_gmt":"2025-11-29T19:30:50","slug":"av-lsx-90-rechargeable","status":"publish","type":"product","link":"https:\/\/lessencearoma.com\/es\/scent-diffusers-cat\/smart-diffusers-cat\/av-lsx-90-rechargeable\/","title":{"rendered":"Av-LSX 90 (Recargable)"},"content":{"rendered":"<p data-start=\"125\" data-end=\"422\" class=\"translation-block\"><strong data-start=\"125\" data-end=\"160\">Difusor recargable V-LSX 90<\/strong><br data-start=\"160\" data-end=\"163\">El AV-LSX 90 es un difusor de aromas elegante, el\u00e9ctrico y <strong data-start=\"199\" data-end=\"215\">recargable<\/strong> sin agua, dise\u00f1ado para espacios peque\u00f1os. Fabricado con una moderna combinaci\u00f3n de aluminio y pl\u00e1stico, dispersa la fragancia directamente desde la botella mediante difusi\u00f3n de aire fr\u00edo, sin necesidad de agua ni calor.<\/p>\n<p data-start=\"424\" data-end=\"709\">Compacto pero potente, mide 6,5 \u00d7 8,5 \u00d7 28,5 cm y se alimenta con tan solo 10 W mediante USB tipo C, ofreciendo la comodidad de usarlo conectado a la corriente o sin cables gracias a su sistema recargable. Con una cobertura de hasta 93 m\u00b2, este difusor proporciona un aroma limpio y uniforme con total flexibilidad.<\/p>\n<p data-start=\"424\" data-end=\"709\">","protected":false},"excerpt":{"rendered":"<p class=\"translation-block\"><strong data-start=\"129\" data-end=\"194\">Compacto y elegante, el AV-LSX 90 es un difusor recargable que cubre hasta 1000 pies\u00b2 mediante difusi\u00f3n de aire fr\u00edo sin agua. Con un dise\u00f1o moderno y la comodidad de no tener cables, ofrece una experiencia de fragancia uniforme sin necesidad de agua ni calor.<\/p>","protected":false},"featured_media":11742,"comment_status":"open","ping_status":"closed","template":"","meta":{"_joinchat":[]},"product_brand":[],"product_cat":[194,39,198],"product_tag":[],"class_list":{"0":"post-11838","1":"product","2":"type-product","3":"status-publish","4":"has-post-thumbnail","6":"product_cat-cold-air-diffuser-cat","7":"product_cat-scent-diffusers-cat","8":"product_cat-smart-diffusers-cat","9":"pa_color-gold","10":"pa_color-silver","11":"pa_coverage-up-to-1000-ft","13":"first","14":"instock","15":"taxable","16":"shipping-taxable","17":"purchasable","18":"product-type-variable"},"bundled_by":[],"bundle_stock_status":"instock","bundle_stock_quantity":null,"bundle_virtual":false,"bundle_layout":"","bundle_add_to_cart_form_location":"","bundle_editable_in_cart":false,"bundle_sold_individually_context":"","bundle_item_grouping":"","bundle_min_size":"","bundle_max_size":"","bundle_price":[],"bundled_items":[],"bundle_sell_ids":[],"jetpack_sharing_enabled":true,"_links":{"self":[{"href":"https:\/\/lessencearoma.com\/es\/wp-json\/wp\/v2\/product\/11838","targetHints":{"allow":["GET"]}}],"collection":[{"href":"https:\/\/lessencearoma.com\/es\/wp-json\/wp\/v2\/product"}],"about":[{"href":"https:\/\/lessencearoma.com\/es\/wp-json\/wp\/v2\/types\/product"}],"replies":[{"embeddable":true,"href":"https:\/\/lessencearoma.com\/es\/wp-json\/wp\/v2\/comments?post=11838"}],"wp:featuredmedia":[{"embeddable":true,"href":"https:\/\/lessencearoma.com\/es\/wp-json\/wp\/v2\/media\/11742"}],"wp:attachment":[{"href":"https:\/\/lessencearoma.com\/es\/wp-json\/wp\/v2\/media?parent=11838"}],"wp:term":[{"taxonomy":"product_brand","embeddable":true,"href":"https:\/\/lessencearoma.com\/es\/wp-json\/wp\/v2\/product_brand?post=11838"},{"taxonomy":"product_cat","embeddable":true,"href":"https:\/\/lessencearoma.com\/es\/wp-json\/wp\/v2\/product_cat?post=11838"},{"taxonomy":"product_tag","embeddable":true,"href":"https:\/\/lessencearoma.com\/es\/wp-json\/wp\/v2\/product_tag?post=11838"}],"curies":[{"name":"wp","href":"https:\/\/api.w.org\/{rel}","templated":true}]}}