{"id":11949,"date":"2025-09-21T12:27:11","date_gmt":"2025-09-21T16:27:11","guid":{"rendered":"https:\/\/lessencearoma.com\/?post_type=product&#038;p=11949"},"modified":"2026-02-15T22:58:23","modified_gmt":"2026-02-16T02:58:23","slug":"nantes","status":"publish","type":"product","link":"https:\/\/lessencearoma.com\/es\/classic-collection-cat\/nantes\/","title":{"rendered":"Nantes"},"content":{"rendered":"<h3 data-start=\"888\" data-end=\"908\"><strong data-start=\"892\" data-end=\"906\">C\u00f3mo usar<\/strong><\/h3>\n<p data-start=\"910\" data-end=\"1059\">En L\u2019Essence Paris, nuestras fragancias est\u00e1n elaboradas exclusivamente para su uso con difusores de aire fr\u00edo, ofreciendo una lujosa experiencia olfativa en cualquier ambiente.<\/p>\n<ol data-start=\"1061\" data-end=\"1363\">\n<li data-start=\"1061\" data-end=\"1108\">\n<p data-start=\"1064\" data-end=\"1108\">Retire la botella vac\u00eda del difusor.<\/p>\n<\/li>\n<li data-start=\"1109\" data-end=\"1191\">\n<p data-start=\"1112\" data-end=\"1191\">Inserte el frasco de su perfume L\u2019Essence Paris de forma segura en posici\u00f3n vertical.<\/p>\n<\/li>\n<li data-start=\"1192\" data-end=\"1248\">\n<p data-start=\"1195\" data-end=\"1248\">Aprieta la botella para asegurarte de que quede bien sujeta.<\/p>\n<\/li>\n<li data-start=\"1249\" data-end=\"1363\">\n<p data-start=\"1252\" data-end=\"1363\">Ajusta la intensidad al nivel que desees y disfruta de una atm\u00f3sfera arom\u00e1tica continua y refinada.<\/p>\n<\/li>\n<\/ol>\n<p data-start=\"1365\" data-end=\"1524\" class=\"translation-block\"><strong data-start=\"1412\" data-end=\"1421\">Nota:<\/strong> No es necesario mezclar con agua ni otros productos. Nuestras fragancias est\u00e1n dise\u00f1adas \u00fanicamente para su uso en difusor. No aplicar directamente sobre la piel ni ingerir.<\/p>","protected":false},"excerpt":{"rendered":"<h3 data-start=\"190\" data-end=\"215\"><strong data-start=\"194\" data-end=\"213\">Nantes \u2013 100 ml<\/strong><\/h3>\n<p data-start=\"216\" data-end=\"235\"><strong data-start=\"216\" data-end=\"233\">Vie Est Belle<\/strong><\/p>\n<p data-start=\"237\" data-end=\"330\">Radiante, floral e irresistiblemente femenina, Nantes encarna la elegancia con un encanto luminoso.<\/p>\n<p data-start=\"332\" data-end=\"576\">Se abre con una explosi\u00f3n vibrante de pera, frutos rojos, c\u00edtricos y melocot\u00f3n: una combinaci\u00f3n estimulante que despierta los sentidos con frescura y alegr\u00eda. En su coraz\u00f3n, un refinado bouquet de rosa, violeta y jazm\u00edn le aporta sofisticaci\u00f3n y una elegancia atemporal.<\/p>\n<p data-start=\"578\" data-end=\"741\">La base revela la calidez del pachul\u00ed envuelta en un acorde gourmand, dejando una estela dulce y sensual a la vez, que acaricia el aire con una profundidad irresistible.<\/p>\n<p data-start=\"743\" data-end=\"881\">Nantes es ideal para quienes desean una fragancia equilibrada, floral y cautivadora, inspirada en la elegancia de los ic\u00f3nicos perfumes parisinos.<\/p>\n<p data-start=\"1365\" data-end=\"1524\">","protected":false},"featured_media":11897,"comment_status":"open","ping_status":"closed","template":"","meta":{"_joinchat":[]},"product_brand":[],"product_cat":[261,200,220],"product_tag":[],"class_list":{"0":"post-11949","1":"product","2":"type-product","3":"status-publish","4":"has-post-thumbnail","6":"product_cat-classic-collection-cat","7":"product_cat-essential-oils-cat","8":"product_cat-floral","9":"pa_fragrance-family-citrus","10":"pa_fragrance-family-floral","11":"pa_size-100-ml","12":"pa_size-500-ml","14":"first","15":"instock","16":"taxable","17":"shipping-taxable","18":"purchasable","19":"product-type-variable"},"bundled_by":[],"bundle_stock_status":"instock","bundle_stock_quantity":null,"bundle_virtual":false,"bundle_layout":"","bundle_add_to_cart_form_location":"","bundle_editable_in_cart":false,"bundle_sold_individually_context":"","bundle_item_grouping":"","bundle_min_size":"","bundle_max_size":"","bundle_price":[],"bundled_items":[],"bundle_sell_ids":[],"jetpack_sharing_enabled":true,"_links":{"self":[{"href":"https:\/\/lessencearoma.com\/es\/wp-json\/wp\/v2\/product\/11949","targetHints":{"allow":["GET"]}}],"collection":[{"href":"https:\/\/lessencearoma.com\/es\/wp-json\/wp\/v2\/product"}],"about":[{"href":"https:\/\/lessencearoma.com\/es\/wp-json\/wp\/v2\/types\/product"}],"replies":[{"embeddable":true,"href":"https:\/\/lessencearoma.com\/es\/wp-json\/wp\/v2\/comments?post=11949"}],"wp:featuredmedia":[{"embeddable":true,"href":"https:\/\/lessencearoma.com\/es\/wp-json\/wp\/v2\/media\/11897"}],"wp:attachment":[{"href":"https:\/\/lessencearoma.com\/es\/wp-json\/wp\/v2\/media?parent=11949"}],"wp:term":[{"taxonomy":"product_brand","embeddable":true,"href":"https:\/\/lessencearoma.com\/es\/wp-json\/wp\/v2\/product_brand?post=11949"},{"taxonomy":"product_cat","embeddable":true,"href":"https:\/\/lessencearoma.com\/es\/wp-json\/wp\/v2\/product_cat?post=11949"},{"taxonomy":"product_tag","embeddable":true,"href":"https:\/\/lessencearoma.com\/es\/wp-json\/wp\/v2\/product_tag?post=11949"}],"curies":[{"name":"wp","href":"https:\/\/api.w.org\/{rel}","templated":true}]}}