{"id":11955,"date":"2025-09-21T12:53:21","date_gmt":"2025-09-21T16:53:21","guid":{"rendered":"https:\/\/lessencearoma.com\/?post_type=product&#038;p=11955"},"modified":"2026-02-26T14:17:56","modified_gmt":"2026-02-26T18:17:56","slug":"luxury-edition-temptation","status":"publish","type":"product","link":"https:\/\/lessencearoma.com\/es\/essential-oils-cat\/woody\/luxury-edition-temptation\/","title":{"rendered":"EDICI\u00d3N DE LUJO \u2013 TENTACI\u00d3N"},"content":{"rendered":"<h3 data-start=\"755\" data-end=\"775\"><strong data-start=\"759\" data-end=\"773\">C\u00f3mo usar<\/strong><\/h3>\n<p data-start=\"777\" data-end=\"927\">En L\u2019Essence Paris, nuestras fragancias est\u00e1n dise\u00f1adas exclusivamente para su uso con difusores de aire fr\u00edo, ofreciendo una lujosa experiencia olfativa en cualquier espacio.<\/p>\n<ul data-start=\"929\" data-end=\"1187\">\n<li data-start=\"929\" data-end=\"970\">\n<p data-start=\"932\" data-end=\"970\">Retira la botella del difusor.<\/p>\n<\/li>\n<li data-start=\"971\" data-end=\"1020\">\n<p data-start=\"974\" data-end=\"1020\">A\u00f1ade tu fragancia favorita de L\u2019Essence Paris.<\/p>\n<\/li>\n<li data-start=\"1021\" data-end=\"1098\">\n<p data-start=\"1024\" data-end=\"1098\">Atornilla firmemente la botella de nuevo en el difusor en posici\u00f3n vertical.<\/p>\n<\/li>\n<li data-start=\"1099\" data-end=\"1187\">\n<p data-start=\"1102\" data-end=\"1187\">Ajusta la intensidad a tu nivel deseado y disfruta de una atm\u00f3sfera arom\u00e1tica refinada.<\/p>\n<\/li>\n<\/ul>\n<p data-start=\"1189\" data-end=\"1341\" class=\"translation-block\"><strong data-start=\"1401\" data-end=\"1410\">Nota:<\/strong> No es necesario mezclar con agua ni otros productos.<br data-start=\"1462\" data-end=\"1465\">Nuestras fragancias est\u00e1n destinadas \u00fanicamente para su uso en difusor. No aplicar sobre la piel ni ingerir.<\/p>","protected":false},"excerpt":{"rendered":"<h3 data-start=\"150\" data-end=\"179\"><strong data-start=\"154\" data-end=\"177\">Tentaci\u00f3n \u2013 100 ml<\/strong><\/h3>\n<p data-start=\"180\" data-end=\"222\" class=\"translation-block\"><strong data-start=\"180\" data-end=\"220\">Inspirado en el arte del lujo<\/strong> \u2014 una creaci\u00f3n emblem\u00e1tica de L\u2019Essence Paris<\/p>\n<p>Una fragancia opulenta y atrevida que encarna la pasi\u00f3n, la libertad y la sofisticaci\u00f3n.<\/p>\n<p>Sus notas c\u00e1lidas y ex\u00f3ticas se entrelazan para despertar los sentidos, evocando el atractivo magn\u00e9tico del Caribe y el esp\u00edritu audaz de L\u2019Essence Paris.<\/p>\n<p>Creado para quienes se atreven a sentir, donde el deseo se convierte en elegancia y cada fragancia cuenta una historia de tentaci\u00f3n.<\/p>\n<h3 data-start=\"704\" data-end=\"724\"><strong data-start=\"708\" data-end=\"722\">Notas principales<\/strong><\/h3>\n<p data-start=\"725\" data-end=\"748\">\u2022 Orqu\u00eddea negra y almizcle<\/p>","protected":false},"featured_media":11882,"comment_status":"open","ping_status":"closed","template":"","meta":{"_joinchat":[]},"product_brand":[],"product_cat":[207,216],"product_tag":[],"class_list":{"0":"post-11955","1":"product","2":"type-product","3":"status-publish","4":"has-post-thumbnail","6":"product_cat-luxury-edition-cat","7":"product_cat-woody","8":"pa_fragrance-family-luxury-edition","9":"pa_fragrance-family-woody","10":"pa_size-100-ml","11":"pa_size-500-ml","13":"first","14":"instock","15":"taxable","16":"shipping-taxable","17":"purchasable","18":"product-type-variable"},"bundled_by":[],"bundle_stock_status":"instock","bundle_stock_quantity":null,"bundle_virtual":false,"bundle_layout":"","bundle_add_to_cart_form_location":"","bundle_editable_in_cart":false,"bundle_sold_individually_context":"","bundle_item_grouping":"","bundle_min_size":"","bundle_max_size":"","bundle_price":[],"bundled_items":[],"bundle_sell_ids":[],"jetpack_sharing_enabled":true,"_links":{"self":[{"href":"https:\/\/lessencearoma.com\/es\/wp-json\/wp\/v2\/product\/11955","targetHints":{"allow":["GET"]}}],"collection":[{"href":"https:\/\/lessencearoma.com\/es\/wp-json\/wp\/v2\/product"}],"about":[{"href":"https:\/\/lessencearoma.com\/es\/wp-json\/wp\/v2\/types\/product"}],"replies":[{"embeddable":true,"href":"https:\/\/lessencearoma.com\/es\/wp-json\/wp\/v2\/comments?post=11955"}],"wp:featuredmedia":[{"embeddable":true,"href":"https:\/\/lessencearoma.com\/es\/wp-json\/wp\/v2\/media\/11882"}],"wp:attachment":[{"href":"https:\/\/lessencearoma.com\/es\/wp-json\/wp\/v2\/media?parent=11955"}],"wp:term":[{"taxonomy":"product_brand","embeddable":true,"href":"https:\/\/lessencearoma.com\/es\/wp-json\/wp\/v2\/product_brand?post=11955"},{"taxonomy":"product_cat","embeddable":true,"href":"https:\/\/lessencearoma.com\/es\/wp-json\/wp\/v2\/product_cat?post=11955"},{"taxonomy":"product_tag","embeddable":true,"href":"https:\/\/lessencearoma.com\/es\/wp-json\/wp\/v2\/product_tag?post=11955"}],"curies":[{"name":"wp","href":"https:\/\/api.w.org\/{rel}","templated":true}]}}