{"id":11958,"date":"2025-09-21T13:02:28","date_gmt":"2025-09-21T17:02:28","guid":{"rendered":"https:\/\/lessencearoma.com\/?post_type=product&#038;p=11958"},"modified":"2026-04-02T16:39:31","modified_gmt":"2026-04-02T20:39:31","slug":"luxury-edition-love","status":"publish","type":"product","link":"https:\/\/lessencearoma.com\/es\/essential-oils-cat\/woody\/luxury-edition-love\/","title":{"rendered":"Edici\u00f3n de Lujo \u2013 Amor"},"content":{"rendered":"<p>Edici\u00f3n de lujo Love | L\u2019Essence Paris \u2022 Pimienta, bergamota y pomelo<br data-start=\"854\" data-end=\"857\">\u2022 Lavanda y geranio<br data-start=\"878\" data-end=\"881\">\u2022 Oud y \u00e1mbar<\/p>\n<p>Inspirado en la esencia de Dior Sauvage.<\/p>\n<p>Por qu\u00e9 te encantar\u00e1 el difusor de aromas Love Edici\u00f3n Lujo<\/p>\n<p>&nbsp;<\/p>\n<p>El difusor de aroma Luxury Edition Love de L\u2019Essence Paris captura la sofisticaci\u00f3n, la confianza y la elegancia masculina atemporal. Creado para quienes aprecian la fuerza y \u200b\u200bel estilo, este exclusivo aroma transforma cualquier ambiente en una lujosa experiencia de cinco estrellas.<\/p>\n<p>Composici\u00f3n de la fragancia<\/p>\n<p class=\"translation-block\">Una refinada mezcla que se abre con vibrantes notas de salida de pimienta, bergamota y pomelo, impregnando el ambiente de energ\u00eda y vitalidad.<br> Su coraz\u00f3n revela una cautivadora combinaci\u00f3n de lavanda y geranio, mientras que la base desvela la calidez del oud y el \u00e1mbar, creando un aura de poder, misterio y sofisticaci\u00f3n.<\/p>\n<p>Por qu\u00e9 te encantar\u00e1 el difusor de aromas Love Edici\u00f3n Lujo<\/p>\n<p class=\"translation-block\">Perfecto para hogares, oficinas y espacios exclusivos que exigen distinci\u00f3n, Love encarna la confianza magn\u00e9tica del hombre moderno: audaz pero elegante.<br> Cada gota est\u00e1 meticulosamente equilibrada para ofrecer una difusi\u00f3n uniforme y una fragancia duradera que realza el ambiente.<\/p>\n<p>El difusor de aromas Love Edici\u00f3n Lujo se abre con vibrantes notas de pimienta, bergamota y pomelo, que se combinan con lavanda y geranio en su coraz\u00f3n. Su base de oud y \u00e1mbar le aporta profundidad y un final c\u00e1lido y sensual.<\/p>\n<p class=\"translation-block\">Notas e ingredientes:<br>\nNotas de salida: Pimienta, bergamota, pomelo<br>\nNotas de coraz\u00f3n: Lavanda, geranio<br>\nNotas de fondo: Oud, \u00e1mbar<br>\nCada capa del difusor de aromas Love Edici\u00f3n Lujo se fusiona armoniosamente para crear profundidad, calidez y una sofisticaci\u00f3n duradera.<\/p>\n<p>C\u00f3mo usar<\/p>\n<p class=\"translation-block\">1. Retire el frasco del difusor.<br>\n2. A\u00f1ada el aceite arom\u00e1tico L\u2019Essence Paris que haya elegido.<br>\n3. Vuelva a colocar el frasco en su sitio.<br>\n4. Ajuste la intensidad a su gusto y disfrute de una experiencia arom\u00e1tica exquisita.<\/p>\n<p class=\"translation-block\">El lujo no es solo un aroma, es una sensaci\u00f3n.<br>\nTransforma tu espacio con L\u2019Essence Paris \u2013 Luxury Edition Love.<\/p>","protected":false},"excerpt":{"rendered":"<h3 data-start=\"179\" data-end=\"202\"><strong data-start=\"183\" data-end=\"200\">Edici\u00f3n de lujo Aroma Amor \u2013 100 ml<\/strong><\/h3>\n<p data-start=\"203\" data-end=\"233\"><strong data-start=\"203\" data-end=\"231\">Inspirada por Dior Sauvage<\/strong><\/p>\n<p class=\"translation-block\">Una fragancia fresca e intensa que encarna la libertad, la fuerza y \u200b\u200bel car\u00e1cter.<br>\nSe abre con una vibrante explosi\u00f3n de pimienta, bergamota y pomelo, revelando notas de lavanda y geranio, y culmina con una c\u00e1lida mezcla de oud y \u00e1mbar. Difusor de aromas \u00abLove\u00bb, edici\u00f3n de lujo, de L\u2019Essence Paris.<\/p>\n<hr data-start=\"797\" data-end=\"800\" \/>\n<h3 data-start=\"802\" data-end=\"822\"><strong data-start=\"806\" data-end=\"820\">Notas principales<\/strong><\/h3>\n<p data-start=\"823\" data-end=\"896\" class=\"translation-block\">\u2022 Pimienta, bergamota y pomelo<br data-start=\"854\" data-end=\"857\">\u2022 Lavanda y geranio<br data-start=\"878\" data-end=\"881\">\u2022 Oud y \u00e1mbar<\/p>","protected":false},"featured_media":11879,"comment_status":"open","ping_status":"closed","template":"","meta":{"_joinchat":[]},"product_brand":[],"product_cat":[207,216],"product_tag":[260],"class_list":{"0":"post-11958","1":"product","2":"type-product","3":"status-publish","4":"has-post-thumbnail","6":"product_cat-luxury-edition-cat","7":"product_cat-woody","8":"product_tag-lo","9":"pa_fragrance-family-luxury-edition","10":"pa_fragrance-family-woody","11":"pa_size-100-ml","12":"pa_size-500-ml","14":"first","15":"instock","16":"sale","17":"taxable","18":"shipping-taxable","19":"purchasable","20":"product-type-variable"},"bundled_by":[],"bundle_stock_status":"instock","bundle_stock_quantity":null,"bundle_virtual":false,"bundle_layout":"","bundle_add_to_cart_form_location":"","bundle_editable_in_cart":false,"bundle_sold_individually_context":"","bundle_item_grouping":"","bundle_min_size":"","bundle_max_size":"","bundle_price":[],"bundled_items":[],"bundle_sell_ids":[],"jetpack_sharing_enabled":true,"_links":{"self":[{"href":"https:\/\/lessencearoma.com\/es\/wp-json\/wp\/v2\/product\/11958","targetHints":{"allow":["GET"]}}],"collection":[{"href":"https:\/\/lessencearoma.com\/es\/wp-json\/wp\/v2\/product"}],"about":[{"href":"https:\/\/lessencearoma.com\/es\/wp-json\/wp\/v2\/types\/product"}],"replies":[{"embeddable":true,"href":"https:\/\/lessencearoma.com\/es\/wp-json\/wp\/v2\/comments?post=11958"}],"wp:featuredmedia":[{"embeddable":true,"href":"https:\/\/lessencearoma.com\/es\/wp-json\/wp\/v2\/media\/11879"}],"wp:attachment":[{"href":"https:\/\/lessencearoma.com\/es\/wp-json\/wp\/v2\/media?parent=11958"}],"wp:term":[{"taxonomy":"product_brand","embeddable":true,"href":"https:\/\/lessencearoma.com\/es\/wp-json\/wp\/v2\/product_brand?post=11958"},{"taxonomy":"product_cat","embeddable":true,"href":"https:\/\/lessencearoma.com\/es\/wp-json\/wp\/v2\/product_cat?post=11958"},{"taxonomy":"product_tag","embeddable":true,"href":"https:\/\/lessencearoma.com\/es\/wp-json\/wp\/v2\/product_tag?post=11958"}],"curies":[{"name":"wp","href":"https:\/\/api.w.org\/{rel}","templated":true}]}}