{"id":13253,"date":"2026-02-07T22:42:40","date_gmt":"2026-02-08T02:42:40","guid":{"rendered":"https:\/\/lessencearoma.com\/?post_type=product&#038;p=13253"},"modified":"2026-04-02T15:14:13","modified_gmt":"2026-04-02T19:14:13","slug":"mahogany-teakwood","status":"publish","type":"product","link":"https:\/\/lessencearoma.com\/es\/essential-oils-cat\/woody\/mahogany-teakwood\/","title":{"rendered":"Edici\u00f3n de Lujo \u2013 Caoba Teca"},"content":{"rendered":"<h3 data-section-id=\"cm5c0h\" data-start=\"0\" data-end=\"45\">Madera de teca y caoba | Fragancia de lujo para el hogar<\/h3>\n<p data-start=\"47\" data-end=\"378\" class=\"translation-block\"><strong data-start=\"47\" data-end=\"68\">Mahogany Teakwood<\/strong> es una fragancia profunda, elegante y envolvente que combina maderas nobles con notas c\u00e1lidas y sutilmente especiadas, creando una atm\u00f3sfera moderna y sofisticada. Dise\u00f1ada para quienes aprecian los aromas masculinos, refinados y con car\u00e1cter, es ideal para hogares, oficinas y espacios de alta gama que buscan presencia y distinci\u00f3n.<\/p>\n<p data-start=\"380\" data-end=\"687\" class=\"translation-block\">Desde la primera impresi\u00f3n, destaca la riqueza de la caoba, realzada por el toque fresco y vibrante de la naranja sanguina y equilibrada con matices verdes que le aportan profundidad y personalidad. El resultado es una fragancia audaz pero refinada que crea el ambiente perfecto para una experiencia arom\u00e1tica elegante y segura.<\/p>\n<p data-start=\"689\" data-end=\"1037\" class=\"translation-block\">En el coraz\u00f3n de la fragancia, la salvia y la vainilla aportan suavidad y calidez, creando un equilibrio armonioso a la vez que mantienen un car\u00e1cter moderno y sofisticado. A medida que la fragancia se asienta, el \u00e1mbar, el haba tonka y el s\u00e1ndalo forman una base suave y duradera que envuelve el espacio en una estela elegante, reconfortante y persistente.<\/p>\n<p data-start=\"1039\" data-end=\"1207\" class=\"translation-block\">Inspirada en la ic\u00f3nica fragancia de Bath &amp; Body Works, <strong data-start=\"1092\" data-end=\"1113\">Mahogany Teakwood<\/strong> es perfecta para quienes aman las fragancias amaderadas intensas con un acabado lujoso y contempor\u00e1neo.<\/p>\n<h3 data-section-id=\"1l6voy4\" data-start=\"1209\" data-end=\"1230\">Notas de fragancia<\/h3>\n<p data-start=\"1231\" data-end=\"1370\" class=\"translation-block\"><strong data-start=\"1231\" data-end=\"1245\">Notas de salida:<\/strong> Caoba \u00b7 Naranja sanguina \u00b7 Pimiento verde<br data-start=\"1284\" data-end=\"1287\"><strong data-start=\"1287\" data-end=\"1303\">Notas de coraz\u00f3n:<\/strong> Salvia \u00b7 Vainilla<br data-start=\"1318\" data-end=\"1321\"><strong data-start=\"1321\" data-end=\"1336\">Notas de fondo:<\/strong> \u00c1mbar \u00b7 Haba tonka \u00b7 S\u00e1ndalo<\/p>\n<p data-start=\"1372\" data-end=\"1586\" data-is-last-node=\"\" data-is-only-node=\"\" class=\"translation-block\">Concentrada y duradera, <strong data-start=\"1403\" data-end=\"1424\">Mahogany Teakwood<\/strong> est\u00e1 dise\u00f1ada para llenar cualquier espacio de car\u00e1cter, calidez y sofisticaci\u00f3n refinada; una fragancia que deja una impresi\u00f3n fuerte pero elegante dondequiera que se difunda.<\/p>","protected":false},"excerpt":{"rendered":"<p data-start=\"0\" data-end=\"45\"><strong data-start=\"0\" data-end=\"45\">Madera de teca y caoba | Fragancia de lujo para el hogar<\/strong><\/p>\n<p data-start=\"47\" data-end=\"345\" data-is-last-node=\"\" data-is-only-node=\"\">Una fragancia amaderada intensa y sofisticada que combina la riqueza de la caoba con toques c\u00e1lidos y refinados. La frescura de la naranja sanguina abre el aroma, seguida de un suave coraz\u00f3n arom\u00e1tico y una base profunda y elegante de \u00e1mbar, haba tonka y s\u00e1ndalo, creando una atm\u00f3sfera moderna y masculina de larga duraci\u00f3n.<\/p>","protected":false},"featured_media":13269,"comment_status":"open","ping_status":"closed","template":"","meta":{"_joinchat":[]},"product_brand":[],"product_cat":[207,216],"product_tag":[260],"class_list":{"0":"post-13253","1":"product","2":"type-product","3":"status-publish","4":"has-post-thumbnail","6":"product_cat-luxury-edition-cat","7":"product_cat-woody","8":"product_tag-lo","9":"pa_fragrance-family-luxury-edition","10":"pa_fragrance-family-woody","11":"pa_size-100-ml","12":"pa_size-500-ml","14":"first","15":"instock","16":"sale","17":"taxable","18":"shipping-taxable","19":"purchasable","20":"product-type-variable"},"bundled_by":[],"bundle_stock_status":"instock","bundle_stock_quantity":null,"bundle_virtual":false,"bundle_layout":"","bundle_add_to_cart_form_location":"","bundle_editable_in_cart":false,"bundle_sold_individually_context":"","bundle_item_grouping":"","bundle_min_size":"","bundle_max_size":"","bundle_price":[],"bundled_items":[],"bundle_sell_ids":[],"jetpack_sharing_enabled":true,"_links":{"self":[{"href":"https:\/\/lessencearoma.com\/es\/wp-json\/wp\/v2\/product\/13253","targetHints":{"allow":["GET"]}}],"collection":[{"href":"https:\/\/lessencearoma.com\/es\/wp-json\/wp\/v2\/product"}],"about":[{"href":"https:\/\/lessencearoma.com\/es\/wp-json\/wp\/v2\/types\/product"}],"replies":[{"embeddable":true,"href":"https:\/\/lessencearoma.com\/es\/wp-json\/wp\/v2\/comments?post=13253"}],"wp:featuredmedia":[{"embeddable":true,"href":"https:\/\/lessencearoma.com\/es\/wp-json\/wp\/v2\/media\/13269"}],"wp:attachment":[{"href":"https:\/\/lessencearoma.com\/es\/wp-json\/wp\/v2\/media?parent=13253"}],"wp:term":[{"taxonomy":"product_brand","embeddable":true,"href":"https:\/\/lessencearoma.com\/es\/wp-json\/wp\/v2\/product_brand?post=13253"},{"taxonomy":"product_cat","embeddable":true,"href":"https:\/\/lessencearoma.com\/es\/wp-json\/wp\/v2\/product_cat?post=13253"},{"taxonomy":"product_tag","embeddable":true,"href":"https:\/\/lessencearoma.com\/es\/wp-json\/wp\/v2\/product_tag?post=13253"}],"curies":[{"name":"wp","href":"https:\/\/api.w.org\/{rel}","templated":true}]}}