{"id":13270,"date":"2026-02-08T00:22:22","date_gmt":"2026-02-08T04:22:22","guid":{"rendered":"https:\/\/lessencearoma.com\/?post_type=product&#038;p=13270"},"modified":"2026-02-15T22:54:42","modified_gmt":"2026-02-16T02:54:42","slug":"one-million","status":"publish","type":"product","link":"https:\/\/lessencearoma.com\/es\/classic-collection-cat\/one-million\/","title":{"rendered":"Un mill\u00f3n"},"content":{"rendered":"<p data-start=\"773\" data-end=\"812\"><strong data-start=\"773\" data-end=\"812\">Un mill\u00f3n | Fragancias de lujo para el hogar<\/strong><\/p>\n<p data-start=\"814\" data-end=\"1143\">One Million es una fragancia potente y sofisticada, dise\u00f1ada para cautivar los sentidos con una irresistible mezcla de especias c\u00e1lidas, notas orientales y profundos acordes amaderados. Creada para quienes buscan car\u00e1cter, presencia y un toque seductor, esta fragancia transforma cualquier espacio en una experiencia sensorial elegante y envolvente.<\/p>\n<p data-start=\"1145\" data-end=\"1422\">La apertura impactante se caracteriza por la intensidad especiada de la canela combinada con la frescura vibrante de la mandarina, creando un contraste inmediato y sorprendente. Esta din\u00e1mica introducci\u00f3n marca la pauta para una fragancia que transmite confianza, lujo e inconfundiblemente moderna.<\/p>\n<p data-start=\"1424\" data-end=\"1791\">En su esencia, las ricas notas de tabaco y mirra le aportan profundidad, misterio y un refinado car\u00e1cter masculino. Estos acordes le confieren calidez e intensidad, elevando la fragancia a una expresi\u00f3n m\u00e1s compleja y seductora. A medida que el aroma se asienta, el haba tonka y el pachul\u00ed forman una base suave y duradera que deja una estela intensa, elegante e inolvidable en todo el ambiente.<\/p>\n<p data-start=\"1793\" data-end=\"2100\">Inspirada en One Million Intense, esta fragancia es ideal para quienes aman los aromas orientales y especiados con un acabado audaz y lujoso. Concentrada y de larga duraci\u00f3n, One Million es perfecta para salas de estar, dormitorios, oficinas, estudios y espacios que buscan transmitir lujo, confianza y una fuerte personalidad.<\/p>\n<p data-start=\"2102\" data-end=\"2224\" class=\"translation-block\"><strong data-start=\"2102\" data-end=\"2121\">Notas olfativas<\/strong><br data-start=\"2121\" data-end=\"2124\">Notas de salida: Canela \u00b7 Mandarina<br data-start=\"2154\" data-end=\"2157\">Notas de coraz\u00f3n: Tabaco \u00b7 Mirra<br data-start=\"2185\" data-end=\"2188\">Notas de fondo: Haba tonka \u00b7 Pachul\u00ed<\/p>\n<p data-start=\"2226\" data-end=\"2333\">One Million es m\u00e1s que una fragancia: es una declaraci\u00f3n de presencia, elegancia y car\u00e1cter irresistible.<\/p>\n<hr data-start=\"2335\" data-end=\"2338\" \/>","protected":false},"excerpt":{"rendered":"<p data-start=\"242\" data-end=\"281\"><strong data-start=\"242\" data-end=\"281\">Un mill\u00f3n | Fragancias de lujo para el hogar<\/strong><\/p>\n<p data-start=\"283\" data-end=\"546\">Una fragancia audaz y adictiva que combina especias c\u00e1lidas con profundidad oriental y ricos acordes amaderados. La canela especiada y la mandarina fresca abren la fragancia, seguidas de un coraz\u00f3n oscuro y masculino y una base c\u00e1lida y duradera que crea una atm\u00f3sfera elegante e inolvidable.<\/p>\n<p data-start=\"548\" data-end=\"652\" class=\"translation-block\"><strong data-start=\"548\" data-end=\"567\">Notas olfativas<\/strong><br data-start=\"567\" data-end=\"570\">Salida: Canela \u00b7 Mandarina<br data-start=\"594\" data-end=\"597\">Coraz\u00f3n: Tabaco \u00b7 Mirra<br data-start=\"619\" data-end=\"622\">Fondo: Haba tonka \u00b7 Pachul\u00ed<\/p>\n<p data-start=\"654\" data-end=\"741\">Ideal para salones, dormitorios, oficinas y espacios que buscan lujo y personalidad.<\/p>","protected":false},"featured_media":13271,"comment_status":"open","ping_status":"closed","template":"","meta":{"_joinchat":[]},"product_brand":[],"product_cat":[217,261,200,220],"product_tag":[],"class_list":{"0":"post-13270","1":"product","2":"type-product","3":"status-publish","4":"has-post-thumbnail","6":"product_cat-citrus","7":"product_cat-classic-collection-cat","8":"product_cat-essential-oils-cat","9":"product_cat-floral","10":"pa_fragrance-family-fresh","11":"pa_fragrance-family-woody","12":"pa_size-100-ml","13":"pa_size-500-ml","15":"first","16":"instock","17":"taxable","18":"shipping-taxable","19":"purchasable","20":"product-type-variable"},"bundled_by":[],"bundle_stock_status":"instock","bundle_stock_quantity":null,"bundle_virtual":false,"bundle_layout":"","bundle_add_to_cart_form_location":"","bundle_editable_in_cart":false,"bundle_sold_individually_context":"","bundle_item_grouping":"","bundle_min_size":"","bundle_max_size":"","bundle_price":[],"bundled_items":[],"bundle_sell_ids":[],"jetpack_sharing_enabled":true,"_links":{"self":[{"href":"https:\/\/lessencearoma.com\/es\/wp-json\/wp\/v2\/product\/13270","targetHints":{"allow":["GET"]}}],"collection":[{"href":"https:\/\/lessencearoma.com\/es\/wp-json\/wp\/v2\/product"}],"about":[{"href":"https:\/\/lessencearoma.com\/es\/wp-json\/wp\/v2\/types\/product"}],"replies":[{"embeddable":true,"href":"https:\/\/lessencearoma.com\/es\/wp-json\/wp\/v2\/comments?post=13270"}],"wp:featuredmedia":[{"embeddable":true,"href":"https:\/\/lessencearoma.com\/es\/wp-json\/wp\/v2\/media\/13271"}],"wp:attachment":[{"href":"https:\/\/lessencearoma.com\/es\/wp-json\/wp\/v2\/media?parent=13270"}],"wp:term":[{"taxonomy":"product_brand","embeddable":true,"href":"https:\/\/lessencearoma.com\/es\/wp-json\/wp\/v2\/product_brand?post=13270"},{"taxonomy":"product_cat","embeddable":true,"href":"https:\/\/lessencearoma.com\/es\/wp-json\/wp\/v2\/product_cat?post=13270"},{"taxonomy":"product_tag","embeddable":true,"href":"https:\/\/lessencearoma.com\/es\/wp-json\/wp\/v2\/product_tag?post=13270"}],"curies":[{"name":"wp","href":"https:\/\/api.w.org\/{rel}","templated":true}]}}