{"id":13388,"date":"2026-04-07T18:26:56","date_gmt":"2026-04-07T22:26:56","guid":{"rendered":"https:\/\/lessencearoma.com\/?post_type=product&#038;p=13388"},"modified":"2026-04-07T19:03:44","modified_gmt":"2026-04-07T23:03:44","slug":"av-lsx31-classic","status":"publish","type":"product","link":"https:\/\/lessencearoma.com\/es\/scent-diffusers-cat\/car-diffuser-cat\/av-lsx31-classic\/","title":{"rendered":"AV-LSX31 Classic"},"content":{"rendered":"<p data-start=\"828\" data-end=\"998\">Experience refined fragrance in a compact form with the <strong data-start=\"884\" data-end=\"927\">L\u2019Essence Paris AV-LSX31 Classic<\/strong> \u2014 designed for simplicity, portability, and effective scent diffusion.<\/p>\n<p data-start=\"1000\" data-end=\"1190\">Este dispositivo utiliza tecnolog\u00eda de atomizaci\u00f3n por aire fr\u00edo para dispersar los aceites arom\u00e1ticos sin agua ni calor, lo que ayuda a preservar el perfil arom\u00e1tico original a la vez que proporciona una distribuci\u00f3n limpia y uniforme.<\/p>\n<p data-start=\"1192\" data-end=\"1497\" class=\"translation-block\">El AV-LSX31 cuenta con un sistema de conexi\u00f3n directa a la botella, que permite instalar f\u00e1cilmente la botella de fragancia dentro del dispositivo sin necesidad de verter ni mezclar. Simplemente inserte la botella, aseg\u00farela en su lugar y el difusor funcionar\u00e1 directamente con ella, lo que hace que el proceso sea limpio, eficiente y sin ensuciar.<\/p>\n<p data-start=\"1499\" data-end=\"1814\" class=\"translation-block\">Dise\u00f1ado para la versatilidad, el difusor incluye tanto el modo hogar como el modo autom\u00f3vil, adapt\u00e1ndose a diferentes entornos. En el modo autom\u00f3vil, cuenta con una funci\u00f3n de detecci\u00f3n de vibraciones que entra autom\u00e1ticamente en modo de reposo cuando no se detecta movimiento y se reinicia cuando se reanuda el movimiento, ideal para ahorrar energ\u00eda al conducir.<\/p>\n<p data-start=\"1816\" data-end=\"1925\" class=\"translation-block\">El dispositivo ofrece <strong data-start=\"1834\" data-end=\"1867\">3 niveles de intensidad ajustables<\/strong>, lo que le permite controlar con qu\u00e9 frecuencia se libera la fragancia:<\/p>\n<ul data-start=\"1927\" data-end=\"2072\">\n<li data-section-id=\"ws1xbp\" data-start=\"1927\" data-end=\"1980\">Modo bajo: aroma suave con intervalos de pausa m\u00e1s largos.<\/li>\n<li data-section-id=\"1cn7dwt\" data-start=\"1981\" data-end=\"2016\">Modo medio: difusi\u00f3n equilibrada<\/li>\n<li data-section-id=\"1axte3t\" data-start=\"2017\" data-end=\"2072\">Modo alto: liberaci\u00f3n de aroma m\u00e1s intensa y frecuente.<\/li>\n<\/ul>\n<p data-start=\"2074\" data-end=\"2215\" class=\"translation-block\">Su tama\u00f1o compacto lo hace perfecto para espacios m\u00e1s peque\u00f1os como dormitorios, oficinas o veh\u00edculos, con una cobertura de hasta aproximadamente <strong data-start=\"2206\" data-end=\"2214\">30 m\u00b3<\/strong>.<\/p>\n<p data-start=\"2217\" data-end=\"2359\" class=\"translation-block\">Dise\u00f1ado pensando en la comodidad, el AV-LSX31 se alimenta mediante USB (5 V), es ligero y f\u00e1cil de operar con un sistema de control de un solo bot\u00f3n.<\/p>\n<p data-start=\"2361\" data-end=\"2553\">Whether you&#8217;re enhancing your daily drive or creating a more inviting indoor environment, the <strong data-start=\"2455\" data-end=\"2498\">L\u2019Essence Paris AV-LSX31 Classic<\/strong>\u00a0delivers a practical and elevated scenting experience.<\/p>\n<p class=\"\" data-start=\"1393\" data-end=\"1504\">","protected":false},"excerpt":{"rendered":"<p>Elevate your space with the <strong data-start=\"410\" data-end=\"453\">L\u2019Essence Paris AV-LSX31 Classic<\/strong>, a compact and portable scenting device designed for everyday use. Featuring a direct bottle connection system and cold-air atomization technology, it disperses fragrance without water or heat. Perfect for home, office, or car use, it delivers a clean and consistent scent experience with adjustable intensity levels.<\/p>","protected":false},"featured_media":11740,"comment_status":"open","ping_status":"closed","template":"","meta":{"_joinchat":[]},"product_brand":[],"product_cat":[40,39],"product_tag":[],"class_list":{"0":"post-13388","1":"product","2":"type-product","3":"status-publish","4":"has-post-thumbnail","6":"product_cat-car-diffuser-cat","7":"product_cat-scent-diffusers-cat","8":"pa_color-silver","9":"pa_coverage-up-to-500-ft","11":"first","12":"instock","13":"taxable","14":"shipping-taxable","15":"purchasable","16":"product-type-variable"},"bundled_by":[],"bundle_stock_status":"instock","bundle_stock_quantity":null,"bundle_virtual":false,"bundle_layout":"","bundle_add_to_cart_form_location":"","bundle_editable_in_cart":false,"bundle_sold_individually_context":"","bundle_item_grouping":"","bundle_min_size":"","bundle_max_size":"","bundle_price":[],"bundled_items":[],"bundle_sell_ids":[],"jetpack_sharing_enabled":true,"_links":{"self":[{"href":"https:\/\/lessencearoma.com\/es\/wp-json\/wp\/v2\/product\/13388","targetHints":{"allow":["GET"]}}],"collection":[{"href":"https:\/\/lessencearoma.com\/es\/wp-json\/wp\/v2\/product"}],"about":[{"href":"https:\/\/lessencearoma.com\/es\/wp-json\/wp\/v2\/types\/product"}],"replies":[{"embeddable":true,"href":"https:\/\/lessencearoma.com\/es\/wp-json\/wp\/v2\/comments?post=13388"}],"wp:featuredmedia":[{"embeddable":true,"href":"https:\/\/lessencearoma.com\/es\/wp-json\/wp\/v2\/media\/11740"}],"wp:attachment":[{"href":"https:\/\/lessencearoma.com\/es\/wp-json\/wp\/v2\/media?parent=13388"}],"wp:term":[{"taxonomy":"product_brand","embeddable":true,"href":"https:\/\/lessencearoma.com\/es\/wp-json\/wp\/v2\/product_brand?post=13388"},{"taxonomy":"product_cat","embeddable":true,"href":"https:\/\/lessencearoma.com\/es\/wp-json\/wp\/v2\/product_cat?post=13388"},{"taxonomy":"product_tag","embeddable":true,"href":"https:\/\/lessencearoma.com\/es\/wp-json\/wp\/v2\/product_tag?post=13388"}],"curies":[{"name":"wp","href":"https:\/\/api.w.org\/{rel}","templated":true}]}}