{"id":3518,"date":"2025-03-19T15:32:39","date_gmt":"2025-03-19T15:32:39","guid":{"rendered":"https:\/\/lessencearoma.com\/?post_type=product&#038;p=3518"},"modified":"2025-12-13T13:57:19","modified_gmt":"2025-12-13T17:57:19","slug":"verona","status":"publish","type":"product","link":"https:\/\/lessencearoma.com\/es\/classic-collection-cat\/verona\/","title":{"rendered":"Verona"},"content":{"rendered":"<p><strong>Verona<\/strong><\/p>\n<p>C\u00f3mo usar<\/p>\n<p>En L\u2019Essence Paris, nuestras fragancias est\u00e1n dise\u00f1adas exclusivamente para usarse con difusores de aire fr\u00edo, brindando una experiencia de aroma lujosa en cada espacio.<\/p>\n<ul>\n<li>Retira la botella del difusor.<\/li>\n<li>A\u00f1ade tu fragancia favorita de L'Essence Paris.<\/li>\n<li>Atornilla firmemente la botella de nuevo en el difusor en posici\u00f3n vertical.<\/li>\n<li>Ajusta la intensidad a tu nivel deseado y disfruta de una atm\u00f3sfera arom\u00e1tica refinada.<\/li>\n<\/ul>\n<p>Nota: No requiere mezcla con agua u otros productos.<\/p>\n<p>Nuestras fragancias son solo para uso en difusores. No aplicar sobre la piel ni ingerir.<\/p>\n<p>I<\/p>","protected":false},"excerpt":{"rendered":"<p><strong>Verona &#8211; 100 ml<\/strong><\/p>\n<p class=\"translation-block\">Vibrante y luminosa, Verona captura el esp\u00edritu de los veranos interminables y la sofisticada libertad.<br>\nUna refrescante explosi\u00f3n de t\u00e9 verde, ralladura de lim\u00f3n y naranja abre la fragancia con una energ\u00eda vibrante, dando paso al delicado encanto del jazm\u00edn.<br>\nUn suave fondo de almizcle y pachul\u00ed aporta profundidad y calidez, evocando la despreocupada elegancia de las puestas de sol doradas de Miami.<br>\nVerona es un homenaje a la alegr\u00eda, la ligereza y el arte de vivir con belleza.<\/p>","protected":false},"featured_media":11907,"comment_status":"open","ping_status":"closed","template":"","meta":{"_joinchat":[]},"product_brand":[],"product_cat":[217,261,200,220,218],"product_tag":[],"class_list":{"0":"post-3518","1":"product","2":"type-product","3":"status-publish","4":"has-post-thumbnail","6":"product_cat-citrus","7":"product_cat-classic-collection-cat","8":"product_cat-essential-oils-cat","9":"product_cat-floral","10":"product_cat-fresh","11":"pa_fragrance-family-citrus","12":"pa_fragrance-family-floral","13":"pa_fragrance-family-fresh","14":"pa_size-100-ml","15":"pa_size-500-ml","17":"first","18":"instock","19":"taxable","20":"shipping-taxable","21":"purchasable","22":"product-type-variable"},"bundled_by":[],"bundle_stock_status":"instock","bundle_stock_quantity":null,"bundle_virtual":false,"bundle_layout":"","bundle_add_to_cart_form_location":"","bundle_editable_in_cart":false,"bundle_sold_individually_context":"","bundle_item_grouping":"","bundle_min_size":"","bundle_max_size":"","bundle_price":[],"bundled_items":[],"bundle_sell_ids":[],"jetpack_sharing_enabled":true,"_links":{"self":[{"href":"https:\/\/lessencearoma.com\/es\/wp-json\/wp\/v2\/product\/3518","targetHints":{"allow":["GET"]}}],"collection":[{"href":"https:\/\/lessencearoma.com\/es\/wp-json\/wp\/v2\/product"}],"about":[{"href":"https:\/\/lessencearoma.com\/es\/wp-json\/wp\/v2\/types\/product"}],"replies":[{"embeddable":true,"href":"https:\/\/lessencearoma.com\/es\/wp-json\/wp\/v2\/comments?post=3518"}],"wp:featuredmedia":[{"embeddable":true,"href":"https:\/\/lessencearoma.com\/es\/wp-json\/wp\/v2\/media\/11907"}],"wp:attachment":[{"href":"https:\/\/lessencearoma.com\/es\/wp-json\/wp\/v2\/media?parent=3518"}],"wp:term":[{"taxonomy":"product_brand","embeddable":true,"href":"https:\/\/lessencearoma.com\/es\/wp-json\/wp\/v2\/product_brand?post=3518"},{"taxonomy":"product_cat","embeddable":true,"href":"https:\/\/lessencearoma.com\/es\/wp-json\/wp\/v2\/product_cat?post=3518"},{"taxonomy":"product_tag","embeddable":true,"href":"https:\/\/lessencearoma.com\/es\/wp-json\/wp\/v2\/product_tag?post=3518"}],"curies":[{"name":"wp","href":"https:\/\/api.w.org\/{rel}","templated":true}]}}