{"id":4070,"date":"2025-03-26T16:23:38","date_gmt":"2025-03-26T16:23:38","guid":{"rendered":"https:\/\/lessencearoma.com\/?post_type=product&#038;p=4070"},"modified":"2025-12-13T16:24:41","modified_gmt":"2025-12-13T20:24:41","slug":"eze","status":"publish","type":"product","link":"https:\/\/lessencearoma.com\/es\/classic-collection-cat\/eze\/","title":{"rendered":"Eze"},"content":{"rendered":"<p><strong>Eze<\/strong><\/p>\n<p>C\u00f3mo usar<\/p>\n<p>En L\u2019Essence Paris, nuestras fragancias est\u00e1n dise\u00f1adas exclusivamente para usarse con difusores de aire fr\u00edo, brindando una experiencia de aroma lujosa en cada espacio.<\/p>\n<ul>\n<li>Retira la botella del difusor.<\/li>\n<li>A\u00f1ade tu fragancia favorita de L'Essence Paris.<\/li>\n<li>Atornilla firmemente la botella de nuevo en el difusor en posici\u00f3n vertical.<\/li>\n<li>Ajusta la intensidad a tu nivel deseado y disfruta de una atm\u00f3sfera arom\u00e1tica refinada.<\/li>\n<\/ul>\n<p>Nota: No requiere mezcla con agua u otros productos.<\/p>\n<p>Nuestras fragancias son solo para uso en difusores. No aplicar sobre la piel ni ingerir.<\/p>\n<p>&nbsp;<\/p>","protected":false},"excerpt":{"rendered":"<p><strong>Eze &#8211; 100 ml<\/strong><\/p>\n<p>Refrescante y luminosa, Eze captura el esp\u00edritu de horizontes infinitos y una elegancia serena.<\/p>\n<p>Se abre con chispeantes notas c\u00edtricas, bergamota y la vibrante frescura de la hierba, dando paso a un coraz\u00f3n de loto acu\u00e1tico, brisa marina y la delicada belleza de la orqu\u00eddea.<\/p>\n<p>La base revela la suave sensualidad del \u00e1mbar gris y la dulzura juguetona de las frutas confitadas, dejando una estela refrescante y cautivadora a la vez.<\/p>\n<p>Eze es un homenaje a la libertad, la vitalidad y el arte de vivir con ligereza y belleza.<\/p>","protected":false},"featured_media":11889,"comment_status":"open","ping_status":"closed","template":"","meta":{"_joinchat":[]},"product_brand":[],"product_cat":[261,200,218],"product_tag":[],"class_list":{"0":"post-4070","1":"product","2":"type-product","3":"status-publish","4":"has-post-thumbnail","6":"product_cat-classic-collection-cat","7":"product_cat-essential-oils-cat","8":"product_cat-fresh","9":"pa_fragrance-family-fresh","10":"pa_size-100-ml","11":"pa_size-500-ml","13":"first","14":"instock","15":"taxable","16":"shipping-taxable","17":"purchasable","18":"product-type-variable"},"bundled_by":["12027","12029"],"bundle_stock_status":"instock","bundle_stock_quantity":null,"bundle_virtual":false,"bundle_layout":"","bundle_add_to_cart_form_location":"","bundle_editable_in_cart":false,"bundle_sold_individually_context":"","bundle_item_grouping":"","bundle_min_size":"","bundle_max_size":"","bundle_price":[],"bundled_items":[],"bundle_sell_ids":[],"jetpack_sharing_enabled":true,"_links":{"self":[{"href":"https:\/\/lessencearoma.com\/es\/wp-json\/wp\/v2\/product\/4070","targetHints":{"allow":["GET"]}}],"collection":[{"href":"https:\/\/lessencearoma.com\/es\/wp-json\/wp\/v2\/product"}],"about":[{"href":"https:\/\/lessencearoma.com\/es\/wp-json\/wp\/v2\/types\/product"}],"replies":[{"embeddable":true,"href":"https:\/\/lessencearoma.com\/es\/wp-json\/wp\/v2\/comments?post=4070"}],"wp:featuredmedia":[{"embeddable":true,"href":"https:\/\/lessencearoma.com\/es\/wp-json\/wp\/v2\/media\/11889"}],"wp:attachment":[{"href":"https:\/\/lessencearoma.com\/es\/wp-json\/wp\/v2\/media?parent=4070"}],"wp:term":[{"taxonomy":"product_brand","embeddable":true,"href":"https:\/\/lessencearoma.com\/es\/wp-json\/wp\/v2\/product_brand?post=4070"},{"taxonomy":"product_cat","embeddable":true,"href":"https:\/\/lessencearoma.com\/es\/wp-json\/wp\/v2\/product_cat?post=4070"},{"taxonomy":"product_tag","embeddable":true,"href":"https:\/\/lessencearoma.com\/es\/wp-json\/wp\/v2\/product_tag?post=4070"}],"curies":[{"name":"wp","href":"https:\/\/api.w.org\/{rel}","templated":true}]}}