{"id":4084,"date":"2025-03-26T17:00:08","date_gmt":"2025-03-26T17:00:08","guid":{"rendered":"https:\/\/lessencearoma.com\/?post_type=product&#038;p=4084"},"modified":"2026-04-02T17:47:18","modified_gmt":"2026-04-02T21:47:18","slug":"paris","status":"publish","type":"product","link":"https:\/\/lessencearoma.com\/es\/classic-collection-cat\/paris\/","title":{"rendered":"Par\u00eds"},"content":{"rendered":"<p style=\"text-align: center;\"><strong>Paris \/<\/strong><\/p>\n<p>C\u00f3mo usar<\/p>\n<p>En L\u2019Essence Paris, nuestras fragancias est\u00e1n dise\u00f1adas exclusivamente para usarse con difusores de aire fr\u00edo, brindando una experiencia de aroma lujosa en cada espacio.<\/p>\n<ul>\n<li>Retira la botella del difusor.<\/li>\n<li>A\u00f1ade tu fragancia favorita de L'Essence Paris.<\/li>\n<li>Atornilla firmemente la botella de nuevo en el difusor en posici\u00f3n vertical.<\/li>\n<li>Ajusta la intensidad a tu nivel deseado y disfruta de una atm\u00f3sfera arom\u00e1tica refinada.<\/li>\n<\/ul>\n<p>Nota: No requiere mezcla con agua u otros productos.<\/p>\n<p>Nuestras fragancias son solo para uso en difusores. No aplicar sobre la piel ni ingerir.<\/p>","protected":false},"excerpt":{"rendered":"<p><strong>Par\u00eds\u00a0<\/strong><\/p>\n<p>Fresca, vibrante y con una elegancia natural, Par\u00eds captura el esp\u00edritu de los bulevares soleados y la sofisticaci\u00f3n atemporal.<\/p>\n<p>Se abre con una vibrante fusi\u00f3n de t\u00e9 verde, naranja y ralladura de lim\u00f3n, realzada por el estimulante aroma de la hierba lim\u00f3n.<\/p>\n<p>Un coraz\u00f3n floral de jazm\u00edn y lirio a\u00f1ade un encanto suave y elegante, mientras que una base de \u00e1mbar y almizcle crea un acabado c\u00e1lido y acogedor.<\/p>\n<p>Par\u00eds es un homenaje a la luz, la vitalidad y la belleza refinada, perfecto para aquellos que llevan la elegancia consigo all\u00e1 donde van.<\/p>","protected":false},"featured_media":11903,"comment_status":"open","ping_status":"closed","template":"","meta":{"_joinchat":[]},"product_brand":[],"product_cat":[217,261,200,220],"product_tag":[],"class_list":{"0":"post-4084","1":"product","2":"type-product","3":"status-publish","4":"has-post-thumbnail","6":"product_cat-citrus","7":"product_cat-classic-collection-cat","8":"product_cat-essential-oils-cat","9":"product_cat-floral","10":"pa_fragrance-family-citrus","11":"pa_fragrance-family-floral","12":"pa_size-100-ml","13":"pa_size-500-ml","15":"first","16":"instock","17":"taxable","18":"shipping-taxable","19":"purchasable","20":"product-type-variable"},"bundled_by":[],"bundle_stock_status":"instock","bundle_stock_quantity":null,"bundle_virtual":false,"bundle_layout":"","bundle_add_to_cart_form_location":"","bundle_editable_in_cart":false,"bundle_sold_individually_context":"","bundle_item_grouping":"","bundle_min_size":"","bundle_max_size":"","bundle_price":[],"bundled_items":[],"bundle_sell_ids":[],"jetpack_sharing_enabled":true,"_links":{"self":[{"href":"https:\/\/lessencearoma.com\/es\/wp-json\/wp\/v2\/product\/4084","targetHints":{"allow":["GET"]}}],"collection":[{"href":"https:\/\/lessencearoma.com\/es\/wp-json\/wp\/v2\/product"}],"about":[{"href":"https:\/\/lessencearoma.com\/es\/wp-json\/wp\/v2\/types\/product"}],"replies":[{"embeddable":true,"href":"https:\/\/lessencearoma.com\/es\/wp-json\/wp\/v2\/comments?post=4084"}],"wp:featuredmedia":[{"embeddable":true,"href":"https:\/\/lessencearoma.com\/es\/wp-json\/wp\/v2\/media\/11903"}],"wp:attachment":[{"href":"https:\/\/lessencearoma.com\/es\/wp-json\/wp\/v2\/media?parent=4084"}],"wp:term":[{"taxonomy":"product_brand","embeddable":true,"href":"https:\/\/lessencearoma.com\/es\/wp-json\/wp\/v2\/product_brand?post=4084"},{"taxonomy":"product_cat","embeddable":true,"href":"https:\/\/lessencearoma.com\/es\/wp-json\/wp\/v2\/product_cat?post=4084"},{"taxonomy":"product_tag","embeddable":true,"href":"https:\/\/lessencearoma.com\/es\/wp-json\/wp\/v2\/product_tag?post=4084"}],"curies":[{"name":"wp","href":"https:\/\/api.w.org\/{rel}","templated":true}]}}