{"id":4610,"date":"2025-03-28T22:42:55","date_gmt":"2025-03-28T22:42:55","guid":{"rendered":"https:\/\/lessencearoma.com\/?post_type=product&#038;p=4610"},"modified":"2026-04-07T18:18:02","modified_gmt":"2026-04-07T22:18:02","slug":"av-lsx-90-100-ml-free-aroma","status":"publish","type":"product","link":"https:\/\/lessencearoma.com\/es\/scent-diffusers-cat\/diffuser-bundle-cat\/av-lsx-90-100-ml-free-aroma\/","title":{"rendered":"AV-LSX 90 + 2 FRAGANCIAS 100ML"},"content":{"rendered":"<p class=\"\" data-start=\"435\" data-end=\"669\">El AV-LSX 90 es un elegante difusor de fragancias el\u00e9ctrico sin agua, dise\u00f1ado para espacios peque\u00f1os. Fabricado con una moderna combinaci\u00f3n de aluminio y pl\u00e1stico, dispersa la fragancia directamente desde el frasco mediante difusi\u00f3n de aire fr\u00edo, sin necesidad de agua ni calor.<\/p>\n<p class=\"translation-block\" data-start=\"671\" data-end=\"861\">Con unas dimensiones de 2,56 \u00d7 3,35 \u00d7 11,22 pulgadas y alimentado por USB tipo C con tan solo 10 W, se adapta f\u00e1cilmente a cualquier entorno. Ideal para \u00e1reas de hasta <strong>1000 ft\u00b2<\/strong>, este difusor proporciona un aroma limpio y uniforme.<\/p>\n<p class=\"translation-block\" data-start=\"863\" data-end=\"978\"><strong data-start=\"863\" data-end=\"911\">Incluye dos fragancias de 100 ml a su elecci\u00f3n<\/strong>, lo que le permite personalizar su experiencia nada m\u00e1s sacarlo de la caja.<\/p>","protected":false},"excerpt":{"rendered":"<p>Compacto y elegante, el AV-LSX 90 cubre hasta 93 m\u00b2 (1000 pies cuadrados) mediante difusi\u00f3n de aire fr\u00edo sin agua. Incluye 2 fragancias de 100 ml a elegir. Alimentaci\u00f3n por USB-C.<\/p>","protected":false},"featured_media":11847,"comment_status":"open","ping_status":"closed","template":"","meta":{"_joinchat":[]},"product_brand":[],"product_cat":[194,201,39,198],"product_tag":[],"class_list":{"0":"post-4610","1":"product","2":"type-product","3":"status-publish","4":"has-post-thumbnail","6":"product_cat-cold-air-diffuser-cat","7":"product_cat-diffuser-bundle-cat","8":"product_cat-scent-diffusers-cat","9":"product_cat-smart-diffusers-cat","10":"pa_color-gold","11":"pa_color-silver","12":"pa_coverage-up-to-1000-ft","13":"pa_fragrance-2-cassis","14":"pa_fragrance-2-chic","15":"pa_fragrance-2-eze","16":"pa_fragrance-2-lille","17":"pa_fragrance-2-luxe","18":"pa_fragrance-2-marsella","19":"pa_fragrance-2-my-lens","20":"pa_fragrance-2-nantes","21":"pa_fragrance-2-niza","22":"pa_fragrance-2-noit","23":"pa_fragrance-2-oasis","24":"pa_fragrance-2-paris","25":"pa_fragrance-2-reims","26":"pa_fragrance-2-sena","27":"pa_fragrance-2-soleil","28":"pa_fragrance-2-turim","29":"pa_fragrance-2-verona","30":"pa_fragrance-2-vive","31":"pa_fragrances-cassis","32":"pa_fragrances-chic","33":"pa_fragrances-eze","34":"pa_fragrances-lille","35":"pa_fragrances-luxe","36":"pa_fragrances-marsella","37":"pa_fragrances-my-lens","38":"pa_fragrances-nantes","39":"pa_fragrances-niza","40":"pa_fragrances-noit","41":"pa_fragrances-oasis","42":"pa_fragrances-paris","43":"pa_fragrances-reims","44":"pa_fragrances-sena","45":"pa_fragrances-soleil","46":"pa_fragrances-turim","47":"pa_fragrances-verona","48":"pa_fragrances-vive","50":"first","51":"instock","52":"featured","53":"taxable","54":"shipping-taxable","55":"purchasable","56":"product-type-variable"},"bundled_by":[],"bundle_stock_status":"instock","bundle_stock_quantity":null,"bundle_virtual":false,"bundle_layout":"","bundle_add_to_cart_form_location":"","bundle_editable_in_cart":false,"bundle_sold_individually_context":"","bundle_item_grouping":"","bundle_min_size":"","bundle_max_size":"","bundle_price":[],"bundled_items":[],"bundle_sell_ids":[],"jetpack_sharing_enabled":true,"_links":{"self":[{"href":"https:\/\/lessencearoma.com\/es\/wp-json\/wp\/v2\/product\/4610","targetHints":{"allow":["GET"]}}],"collection":[{"href":"https:\/\/lessencearoma.com\/es\/wp-json\/wp\/v2\/product"}],"about":[{"href":"https:\/\/lessencearoma.com\/es\/wp-json\/wp\/v2\/types\/product"}],"replies":[{"embeddable":true,"href":"https:\/\/lessencearoma.com\/es\/wp-json\/wp\/v2\/comments?post=4610"}],"wp:featuredmedia":[{"embeddable":true,"href":"https:\/\/lessencearoma.com\/es\/wp-json\/wp\/v2\/media\/11847"}],"wp:attachment":[{"href":"https:\/\/lessencearoma.com\/es\/wp-json\/wp\/v2\/media?parent=4610"}],"wp:term":[{"taxonomy":"product_brand","embeddable":true,"href":"https:\/\/lessencearoma.com\/es\/wp-json\/wp\/v2\/product_brand?post=4610"},{"taxonomy":"product_cat","embeddable":true,"href":"https:\/\/lessencearoma.com\/es\/wp-json\/wp\/v2\/product_cat?post=4610"},{"taxonomy":"product_tag","embeddable":true,"href":"https:\/\/lessencearoma.com\/es\/wp-json\/wp\/v2\/product_tag?post=4610"}],"curies":[{"name":"wp","href":"https:\/\/api.w.org\/{rel}","templated":true}]}}