{"id":523,"date":"2021-12-23T22:37:43","date_gmt":"2021-12-23T22:37:43","guid":{"rendered":"https:\/\/startersites.io\/blocksy\/garderobe\/?post_type=product&#038;p=523"},"modified":"2026-04-02T17:20:04","modified_gmt":"2026-04-02T21:20:04","slug":"my-lens","status":"publish","type":"product","link":"https:\/\/lessencearoma.com\/es\/classic-collection-cat\/my-lens\/","title":{"rendered":"Mi lente"},"content":{"rendered":"<p>Mi lente<\/p>\n<p>C\u00f3mo usar<\/p>\n<p>En L\u2019Essence Paris, nuestras fragancias est\u00e1n dise\u00f1adas exclusivamente para su uso con difusores de vapor fr\u00edo, proporcionando una lujosa experiencia arom\u00e1tica en cualquier espacio.<\/p>\n<p>Retira la botella del difusor.<\/p>\n<p class=\"translation-block\">A\u00f1ade tu fragancia favorita de L\u2019Essence Paris.<br>\nEnrosca bien el frasco en el difusor, manteni\u00e9ndolo en posici\u00f3n vertical.<br>\nAjusta la intensidad a tu gusto y disfruta de un ambiente arom\u00e1tico refinado.<\/p>\n<p>Nota: No es necesario mezclar con agua ni con otros productos.<\/p>\n<p>Nuestras fragancias son solo para uso en difusor. No aplicar sobre la piel ni ingerir.<\/p>","protected":false},"excerpt":{"rendered":"<p>Mi lente<\/p>\n<p>Inspirado en el aroma del vest\u00edbulo de un hotel de Miami Beach.<\/p>\n<p>Elegante y evocadora, My Lens es una fragancia que captura la esencia de los viajes personales y la sofisticaci\u00f3n atemporal.<\/p>\n<p>Se abre con notas brillantes de lim\u00f3n y cardamomo especiado, que dan paso a un coraz\u00f3n de lujoso cuero de hotel, s\u00e1ndalo suave y madera de cedro.<\/p>\n<p>Las notas de canela y vetiver a\u00f1aden una profundidad c\u00e1lida y especiada, mientras que el \u00e1mbar, el almizcle y el iris crean una estela suave y persistente de sensualidad refinada.<\/p>\n<p>My Lens es una invitaci\u00f3n a descubrir la belleza en cada paso, fusionando fuerza, elegancia y emoci\u00f3n en una experiencia olfativa \u00fanica.<\/p>","protected":false},"featured_media":11896,"comment_status":"open","ping_status":"closed","template":"","meta":{"_joinchat":[]},"product_brand":[],"product_cat":[261,200,206,219,216],"product_tag":[],"class_list":{"0":"post-523","1":"product","2":"type-product","3":"status-publish","4":"has-post-thumbnail","6":"product_cat-classic-collection-cat","7":"product_cat-essential-oils-cat","8":"product_cat-hotel-collection-cat","9":"product_cat-sweet","10":"product_cat-woody","11":"pa_fragrance-family-hotel-collection","12":"pa_fragrance-family-sweet","13":"pa_fragrance-family-woody","14":"pa_size-100-ml","15":"pa_size-500-ml","17":"first","18":"instock","19":"taxable","20":"shipping-taxable","21":"purchasable","22":"product-type-variable"},"bundled_by":[],"bundle_stock_status":"instock","bundle_stock_quantity":null,"bundle_virtual":false,"bundle_layout":"","bundle_add_to_cart_form_location":"","bundle_editable_in_cart":false,"bundle_sold_individually_context":"","bundle_item_grouping":"","bundle_min_size":"","bundle_max_size":"","bundle_price":[],"bundled_items":[],"bundle_sell_ids":[],"jetpack_sharing_enabled":true,"_links":{"self":[{"href":"https:\/\/lessencearoma.com\/es\/wp-json\/wp\/v2\/product\/523","targetHints":{"allow":["GET"]}}],"collection":[{"href":"https:\/\/lessencearoma.com\/es\/wp-json\/wp\/v2\/product"}],"about":[{"href":"https:\/\/lessencearoma.com\/es\/wp-json\/wp\/v2\/types\/product"}],"replies":[{"embeddable":true,"href":"https:\/\/lessencearoma.com\/es\/wp-json\/wp\/v2\/comments?post=523"}],"wp:featuredmedia":[{"embeddable":true,"href":"https:\/\/lessencearoma.com\/es\/wp-json\/wp\/v2\/media\/11896"}],"wp:attachment":[{"href":"https:\/\/lessencearoma.com\/es\/wp-json\/wp\/v2\/media?parent=523"}],"wp:term":[{"taxonomy":"product_brand","embeddable":true,"href":"https:\/\/lessencearoma.com\/es\/wp-json\/wp\/v2\/product_brand?post=523"},{"taxonomy":"product_cat","embeddable":true,"href":"https:\/\/lessencearoma.com\/es\/wp-json\/wp\/v2\/product_cat?post=523"},{"taxonomy":"product_tag","embeddable":true,"href":"https:\/\/lessencearoma.com\/es\/wp-json\/wp\/v2\/product_tag?post=523"}],"curies":[{"name":"wp","href":"https:\/\/api.w.org\/{rel}","templated":true}]}}