{"id":525,"date":"2021-12-23T22:39:55","date_gmt":"2021-12-23T22:39:55","guid":{"rendered":"https:\/\/startersites.io\/blocksy\/garderobe\/?post_type=product&#038;p=525"},"modified":"2026-03-05T22:53:33","modified_gmt":"2026-03-06T02:53:33","slug":"marsella","status":"publish","type":"product","link":"https:\/\/lessencearoma.com\/es\/classic-collection-cat\/marsella\/","title":{"rendered":"Marsella"},"content":{"rendered":"<p><strong>Marsella<\/strong><\/p>\n<p>C\u00f3mo usar<\/p>\n<p>En L\u2019Essence Paris, nuestras fragancias est\u00e1n dise\u00f1adas exclusivamente para usarse con difusores de aire fr\u00edo, brindando una experiencia de aroma lujosa en cada espacio.<\/p>\n<ul>\n<li>Retira la botella del difusor.<\/li>\n<li>A\u00f1ade tu fragancia favorita de L'Essence Paris.<\/li>\n<li>Atornilla firmemente la botella de nuevo en el difusor en posici\u00f3n vertical.<\/li>\n<li>Ajusta la intensidad a tu nivel deseado y disfruta de una atm\u00f3sfera arom\u00e1tica refinada.<\/li>\n<\/ul>\n<p>Nota: No requiere mezcla con agua u otros productos.<\/p>\n<p>Nuestras fragancias son solo para uso en difusores. No aplicar sobre la piel ni ingerir.<\/p>\n<p>&nbsp;<\/p>\n<p>&nbsp;<\/p>","protected":false},"excerpt":{"rendered":"<p><strong>Marsella &#8211; 100 ml<\/strong><\/p>\n<p><strong>Inspirada por W Hotel\u00a0<\/strong><\/p>\n<p>Fresca, luminosa y sofisticada, Marsella captura la vibrante elegancia de la vida de lujo.<\/p>\n<p>Se abre con una chispeante mezcla de bergamota, lim\u00f3n y hierba lim\u00f3n, que evoca la frescura desenfadada de un ambiente de hotel exclusivo. En su coraz\u00f3n, delicadas notas de magnolia, jazm\u00edn y lirio aportan suavidad y gracia floral.<\/p>\n<p>La base de madera de koa y almizcle aporta calidez y una elegancia discreta a la fragancia.<\/p>\n<p>Marsella es la elecci\u00f3n perfecta para aquellos que buscan infundir en sus espacios luz, vitalidad y una belleza refinada.<\/p>","protected":false},"featured_media":11894,"comment_status":"open","ping_status":"closed","template":"","meta":{"_joinchat":[]},"product_brand":[],"product_cat":[261,200,220,218,206],"product_tag":[],"class_list":{"0":"post-525","1":"product","2":"type-product","3":"status-publish","4":"has-post-thumbnail","6":"product_cat-classic-collection-cat","7":"product_cat-essential-oils-cat","8":"product_cat-floral","9":"product_cat-fresh","10":"product_cat-hotel-collection-cat","11":"pa_fragrance-family-floral","12":"pa_fragrance-family-fresh","13":"pa_fragrance-family-hotel-collection","14":"pa_size-100-ml","15":"pa_size-500-ml","17":"first","18":"instock","19":"taxable","20":"shipping-taxable","21":"purchasable","22":"product-type-variable"},"bundled_by":[],"bundle_stock_status":"instock","bundle_stock_quantity":null,"bundle_virtual":false,"bundle_layout":"","bundle_add_to_cart_form_location":"","bundle_editable_in_cart":false,"bundle_sold_individually_context":"","bundle_item_grouping":"","bundle_min_size":"","bundle_max_size":"","bundle_price":[],"bundled_items":[],"bundle_sell_ids":[],"jetpack_sharing_enabled":true,"_links":{"self":[{"href":"https:\/\/lessencearoma.com\/es\/wp-json\/wp\/v2\/product\/525","targetHints":{"allow":["GET"]}}],"collection":[{"href":"https:\/\/lessencearoma.com\/es\/wp-json\/wp\/v2\/product"}],"about":[{"href":"https:\/\/lessencearoma.com\/es\/wp-json\/wp\/v2\/types\/product"}],"replies":[{"embeddable":true,"href":"https:\/\/lessencearoma.com\/es\/wp-json\/wp\/v2\/comments?post=525"}],"wp:featuredmedia":[{"embeddable":true,"href":"https:\/\/lessencearoma.com\/es\/wp-json\/wp\/v2\/media\/11894"}],"wp:attachment":[{"href":"https:\/\/lessencearoma.com\/es\/wp-json\/wp\/v2\/media?parent=525"}],"wp:term":[{"taxonomy":"product_brand","embeddable":true,"href":"https:\/\/lessencearoma.com\/es\/wp-json\/wp\/v2\/product_brand?post=525"},{"taxonomy":"product_cat","embeddable":true,"href":"https:\/\/lessencearoma.com\/es\/wp-json\/wp\/v2\/product_cat?post=525"},{"taxonomy":"product_tag","embeddable":true,"href":"https:\/\/lessencearoma.com\/es\/wp-json\/wp\/v2\/product_tag?post=525"}],"curies":[{"name":"wp","href":"https:\/\/api.w.org\/{rel}","templated":true}]}}