{"id":532,"date":"2021-12-23T22:46:01","date_gmt":"2021-12-23T22:46:01","guid":{"rendered":"https:\/\/startersites.io\/blocksy\/garderobe\/?post_type=product&#038;p=532"},"modified":"2025-12-31T09:52:02","modified_gmt":"2025-12-31T13:52:02","slug":"chic","status":"publish","type":"product","link":"https:\/\/lessencearoma.com\/es\/classic-collection-cat\/chic\/","title":{"rendered":"CHIC"},"content":{"rendered":"<p><strong>Chic<\/strong><\/p>\n<p>C\u00f3mo usar<\/p>\n<p>En L\u2019Essence Paris, nuestras fragancias est\u00e1n dise\u00f1adas exclusivamente para usarse con difusores de aire fr\u00edo, brindando una experiencia de aroma lujosa en cada espacio.<\/p>\n<ul>\n<li>Retira la botella del difusor.<\/li>\n<li>A\u00f1ade tu fragancia favorita de L'Essence Paris.<\/li>\n<li>Atornilla firmemente la botella de nuevo en el difusor en posici\u00f3n vertical.<\/li>\n<li>Ajusta la intensidad a tu nivel deseado y disfruta de una atm\u00f3sfera arom\u00e1tica refinada.<\/li>\n<\/ul>\n<p>Nota: No requiere mezcla con agua u otros productos.<\/p>\n<p>Nuestras fragancias son solo para uso en difusores. No aplicar sobre la piel ni ingerir.<\/p>","protected":false},"excerpt":{"rendered":"<p><strong>Chic \u2013 100 ml<\/strong><\/p>\n<p><strong>Inspirado en Londres <\/strong><\/p>\n<p>Divertida pero refinada, Chic captura la energ\u00eda vibrante y la elegancia natural de Londres. Una explosi\u00f3n vivaz de frambuesa y lim\u00f3n abre la fragancia con un toque fresco y afrutado, que se despliega en un suave coraz\u00f3n floral de jazm\u00edn.<\/p>\n<p>Toques de crema y pachul\u00ed a\u00f1aden profundidad y sofisticaci\u00f3n, mientras que un susurro de almizcle perdura con delicada sensualidad.<\/p>\n<p>Chic es una celebraci\u00f3n del estilo, el encanto y el lujo moderno, perfecto para quienes viven con confianza y elegancia.<\/p>","protected":false},"featured_media":11885,"comment_status":"open","ping_status":"closed","template":"","meta":{"_joinchat":[]},"product_brand":[],"product_cat":[261,200,218],"product_tag":[],"class_list":{"0":"post-532","1":"product","2":"type-product","3":"status-publish","4":"has-post-thumbnail","6":"product_cat-classic-collection-cat","7":"product_cat-essential-oils-cat","8":"product_cat-fresh","9":"pa_fragrance-family-fresh","10":"pa_size-100-ml","11":"pa_size-500-ml","13":"first","14":"instock","15":"taxable","16":"shipping-taxable","17":"purchasable","18":"product-type-variable","19":"has-default-attributes"},"bundled_by":["12027","12029"],"bundle_stock_status":"instock","bundle_stock_quantity":null,"bundle_virtual":false,"bundle_layout":"","bundle_add_to_cart_form_location":"","bundle_editable_in_cart":false,"bundle_sold_individually_context":"","bundle_item_grouping":"","bundle_min_size":"","bundle_max_size":"","bundle_price":[],"bundled_items":[],"bundle_sell_ids":[],"jetpack_sharing_enabled":true,"_links":{"self":[{"href":"https:\/\/lessencearoma.com\/es\/wp-json\/wp\/v2\/product\/532","targetHints":{"allow":["GET"]}}],"collection":[{"href":"https:\/\/lessencearoma.com\/es\/wp-json\/wp\/v2\/product"}],"about":[{"href":"https:\/\/lessencearoma.com\/es\/wp-json\/wp\/v2\/types\/product"}],"replies":[{"embeddable":true,"href":"https:\/\/lessencearoma.com\/es\/wp-json\/wp\/v2\/comments?post=532"}],"wp:featuredmedia":[{"embeddable":true,"href":"https:\/\/lessencearoma.com\/es\/wp-json\/wp\/v2\/media\/11885"}],"wp:attachment":[{"href":"https:\/\/lessencearoma.com\/es\/wp-json\/wp\/v2\/media?parent=532"}],"wp:term":[{"taxonomy":"product_brand","embeddable":true,"href":"https:\/\/lessencearoma.com\/es\/wp-json\/wp\/v2\/product_brand?post=532"},{"taxonomy":"product_cat","embeddable":true,"href":"https:\/\/lessencearoma.com\/es\/wp-json\/wp\/v2\/product_cat?post=532"},{"taxonomy":"product_tag","embeddable":true,"href":"https:\/\/lessencearoma.com\/es\/wp-json\/wp\/v2\/product_tag?post=532"}],"curies":[{"name":"wp","href":"https:\/\/api.w.org\/{rel}","templated":true}]}}