{"id":6136,"date":"2025-04-06T20:03:17","date_gmt":"2025-04-06T20:03:17","guid":{"rendered":"https:\/\/lessencearoma.com\/?post_type=product&#038;p=6136"},"modified":"2025-11-30T23:50:53","modified_gmt":"2025-12-01T03:50:53","slug":"av-lsx60-set-2-diffusers-2-fragrances","status":"publish","type":"product","link":"https:\/\/lessencearoma.com\/es\/scent-diffusers-cat\/av-lsx60-set-2-diffusers-2-fragrances\/","title":{"rendered":"AV-LSX60 Conjunto \u2013 2 Difusores + 2 Fragancias"},"content":{"rendered":"<p class=\"translation-block\" data-start=\"350\" data-end=\"657\">El AV-LSX60 es un difusor el\u00e9ctrico elegante y moderno dise\u00f1ado para realzar cualquier espacio con una fragancia limpia y uniforme. Gracias a su avanzada tecnolog\u00eda de difusi\u00f3n de aire fr\u00edo, ofrece un aroma duradero sin necesidad de agua, calor ni residuos, preservando as\u00ed la integridad de los aromas elegidos.<\/p>\n<p class=\"translation-block\" data-start=\"659\" data-end=\"856\">Este paquete incluye <strong data-start=\"680\" data-end=\"706\">dos difusores AV-LSX60<\/strong> y <strong data-start=\"711\" data-end=\"742\">dos frascos de fragancia de 100 ml<\/strong> a su elecci\u00f3n, lo que le permite personalizar su ambiente en varias habitaciones o compartirlo con alguien especial.<\/p>\n<p class=\"translation-block\" data-start=\"858\" data-end=\"1146\">Compacto pero potente, cada difusor cubre hasta <strong>5<\/strong><strong data-start=\"907\" data-end=\"918\">00 ft\u00b2<\/strong>, lo que lo hace ideal para hogares, oficinas, espacios de bienestar o estudios. Con conectividad <strong data-start=\"999\" data-end=\"1025\">Bluetooth<\/strong> integrada, puedes ajustar la intensidad del aroma, configurar temporizadores y personalizar horarios a trav\u00e9s de la aplicaci\u00f3n m\u00f3vil gratuita (compatible con iOS y Android).<\/p>\n<p class=\"\" data-start=\"1148\" data-end=\"1286\">Su dise\u00f1o enchufable y de bajo mantenimiento garantiza una instalaci\u00f3n r\u00e1pida, un funcionamiento silencioso y una alta eficiencia energ\u00e9tica, perfecto para una aromaterapia diaria sin esfuerzo.<\/p>","protected":false},"excerpt":{"rendered":"<p>Juego de 2 difusores inteligentes con control mediante aplicaci\u00f3n Bluetooth y difusi\u00f3n de aire fr\u00edo sin agua. Incluye 2 fragancias premium de 100 ml. Cubren hasta 500 pies cuadrados cada uno.<\/p>","protected":false},"featured_media":11845,"comment_status":"open","ping_status":"closed","template":"","meta":{"_joinchat":[]},"product_brand":[],"product_cat":[39,201,196],"product_tag":[],"class_list":{"0":"post-6136","1":"product","2":"type-product","3":"status-publish","4":"has-post-thumbnail","6":"product_cat-scent-diffusers-cat","7":"product_cat-diffuser-bundle-cat","8":"product_cat-plug-in-diffusers-cat","9":"pa_coverage-up-to-500-ft","10":"pa_diffuser-1-black","11":"pa_diffuser-1-white","12":"pa_diffuser-2-black","13":"pa_diffuser-2-white","14":"pa_fragrance-2-cassis","15":"pa_fragrance-2-chic","16":"pa_fragrance-2-eze","17":"pa_fragrance-2-lille","18":"pa_fragrance-2-luxe","19":"pa_fragrance-2-marsella","20":"pa_fragrance-2-my-lens","21":"pa_fragrance-2-nantes","22":"pa_fragrance-2-niza","23":"pa_fragrance-2-noit","24":"pa_fragrance-2-oasis","25":"pa_fragrance-2-paris","26":"pa_fragrance-2-reims","27":"pa_fragrance-2-sena","28":"pa_fragrance-2-soleil","29":"pa_fragrance-2-turim","30":"pa_fragrance-2-verona","31":"pa_fragrance-2-vive","32":"pa_fragrances-cassis","33":"pa_fragrances-chic","34":"pa_fragrances-eze","35":"pa_fragrances-lille","36":"pa_fragrances-luxe","37":"pa_fragrances-marsella","38":"pa_fragrances-my-lens","39":"pa_fragrances-nantes","40":"pa_fragrances-niza","41":"pa_fragrances-noit","42":"pa_fragrances-oasis","43":"pa_fragrances-paris","44":"pa_fragrances-reims","45":"pa_fragrances-sena","46":"pa_fragrances-soleil","47":"pa_fragrances-turim","48":"pa_fragrances-verona","49":"pa_fragrances-vive","51":"first","52":"instock","53":"featured","54":"taxable","55":"shipping-taxable","56":"purchasable","57":"product-type-variable"},"bundled_by":[],"bundle_stock_status":"instock","bundle_stock_quantity":null,"bundle_virtual":false,"bundle_layout":"","bundle_add_to_cart_form_location":"","bundle_editable_in_cart":false,"bundle_sold_individually_context":"","bundle_item_grouping":"","bundle_min_size":"","bundle_max_size":"","bundle_price":[],"bundled_items":[],"bundle_sell_ids":[],"jetpack_sharing_enabled":true,"_links":{"self":[{"href":"https:\/\/lessencearoma.com\/es\/wp-json\/wp\/v2\/product\/6136","targetHints":{"allow":["GET"]}}],"collection":[{"href":"https:\/\/lessencearoma.com\/es\/wp-json\/wp\/v2\/product"}],"about":[{"href":"https:\/\/lessencearoma.com\/es\/wp-json\/wp\/v2\/types\/product"}],"replies":[{"embeddable":true,"href":"https:\/\/lessencearoma.com\/es\/wp-json\/wp\/v2\/comments?post=6136"}],"wp:featuredmedia":[{"embeddable":true,"href":"https:\/\/lessencearoma.com\/es\/wp-json\/wp\/v2\/media\/11845"}],"wp:attachment":[{"href":"https:\/\/lessencearoma.com\/es\/wp-json\/wp\/v2\/media?parent=6136"}],"wp:term":[{"taxonomy":"product_brand","embeddable":true,"href":"https:\/\/lessencearoma.com\/es\/wp-json\/wp\/v2\/product_brand?post=6136"},{"taxonomy":"product_cat","embeddable":true,"href":"https:\/\/lessencearoma.com\/es\/wp-json\/wp\/v2\/product_cat?post=6136"},{"taxonomy":"product_tag","embeddable":true,"href":"https:\/\/lessencearoma.com\/es\/wp-json\/wp\/v2\/product_tag?post=6136"}],"curies":[{"name":"wp","href":"https:\/\/api.w.org\/{rel}","templated":true}]}}