{"id":6593,"date":"2025-04-13T22:50:19","date_gmt":"2025-04-13T22:50:19","guid":{"rendered":"https:\/\/lessencearoma.com\/?post_type=product&#038;p=6593"},"modified":"2025-11-30T23:47:39","modified_gmt":"2025-12-01T03:47:39","slug":"av-lsx60-set-diffuser-3-fragrances","status":"publish","type":"product","link":"https:\/\/lessencearoma.com\/es\/scent-diffusers-cat\/av-lsx60-set-diffuser-3-fragrances\/","title":{"rendered":"AV-LSX60 Conjunto \u2013 Difusores + 3 Fragancias"},"content":{"rendered":"<p class=\"translation-block\" data-start=\"350\" data-end=\"657\">El AV-LSX60 es un difusor el\u00e9ctrico elegante y moderno dise\u00f1ado para realzar cualquier espacio con una fragancia limpia y uniforme. Gracias a su avanzada tecnolog\u00eda de difusi\u00f3n de aire fr\u00edo, ofrece un aroma duradero sin necesidad de agua, calor ni residuos, preservando as\u00ed la integridad de los aromas elegidos.<\/p>\n<p class=\"translation-block\" data-start=\"659\" data-end=\"856\">Este paquete incluye <strong data-start=\"680\" data-end=\"706\">un difusor AV-LSX60<\/strong> y <strong data-start=\"711\" data-end=\"742\">tres frascos de fragancia de 100 ml<\/strong> a su elecci\u00f3n, lo que le permite personalizar su ambiente en varias habitaciones o compartirlo con alguien especial.<\/p>\n<p class=\"translation-block\" data-start=\"858\" data-end=\"1146\">Compacto pero potente, cada difusor cubre hasta 900 pies cuadrados, lo que lo hace ideal para hogares, oficinas, espacios de bienestar o estudios. Con conectividad Bluetooth integrada, puedes ajustar la intensidad del aroma, configurar temporizadores y personalizar horarios a trav\u00e9s de la aplicaci\u00f3n m\u00f3vil gratuita (compatible con iOS y Android).<\/p>\n<p class=\"\" data-start=\"1148\" data-end=\"1286\">Su dise\u00f1o enchufable y de bajo mantenimiento garantiza una instalaci\u00f3n r\u00e1pida, un funcionamiento silencioso y una alta eficiencia energ\u00e9tica, perfecto para una aromaterapia diaria sin esfuerzo.<\/p>","protected":false},"excerpt":{"rendered":"<p>Juego de 3 difusores inteligentes con control mediante aplicaci\u00f3n Bluetooth y difusi\u00f3n de aire fr\u00edo sin agua. Incluye 1 fragancia premium de 100 ml. Cubre hasta 500 pies cuadrados cada uno.<\/p>","protected":false},"featured_media":11843,"comment_status":"open","ping_status":"closed","template":"","meta":{"_joinchat":[]},"product_brand":[],"product_cat":[39,201,196],"product_tag":[],"class_list":{"0":"post-6593","1":"product","2":"type-product","3":"status-publish","4":"has-post-thumbnail","6":"product_cat-scent-diffusers-cat","7":"product_cat-diffuser-bundle-cat","8":"product_cat-plug-in-diffusers-cat","9":"pa_color-black","10":"pa_color-white","11":"pa_coverage-up-to-500-ft","12":"pa_fragrance-2-cassis","13":"pa_fragrance-2-chic","14":"pa_fragrance-2-eze","15":"pa_fragrance-2-lille","16":"pa_fragrance-2-luxe","17":"pa_fragrance-2-marsella","18":"pa_fragrance-2-my-lens","19":"pa_fragrance-2-nantes","20":"pa_fragrance-2-niza","21":"pa_fragrance-2-noit","22":"pa_fragrance-2-oasis","23":"pa_fragrance-2-paris","24":"pa_fragrance-2-reims","25":"pa_fragrance-2-sena","26":"pa_fragrance-2-soleil","27":"pa_fragrance-2-turim","28":"pa_fragrance-2-verona","29":"pa_fragrance-2-vive","30":"pa_fragrance-3-cassis","31":"pa_fragrance-3-chic","32":"pa_fragrance-3-eze","33":"pa_fragrance-3-lille","34":"pa_fragrance-3-luxe","35":"pa_fragrance-3-marsella","36":"pa_fragrance-3-my-lens","37":"pa_fragrance-3-nantes","38":"pa_fragrance-3-niza","39":"pa_fragrance-3-noit","40":"pa_fragrance-3-oasis","41":"pa_fragrance-3-paris","42":"pa_fragrance-3-reims","43":"pa_fragrance-3-sena","44":"pa_fragrance-3-soleil","45":"pa_fragrance-3-turim","46":"pa_fragrance-3-verona","47":"pa_fragrance-3-vive","48":"pa_fragrances-cassis","49":"pa_fragrances-chic","50":"pa_fragrances-eze","51":"pa_fragrances-lille","52":"pa_fragrances-luxe","53":"pa_fragrances-marsella","54":"pa_fragrances-my-lens","55":"pa_fragrances-nantes","56":"pa_fragrances-niza","57":"pa_fragrances-noit","58":"pa_fragrances-oasis","59":"pa_fragrances-paris","60":"pa_fragrances-reims","61":"pa_fragrances-sena","62":"pa_fragrances-soleil","63":"pa_fragrances-turim","64":"pa_fragrances-verona","65":"pa_fragrances-vive","67":"first","68":"instock","69":"taxable","70":"shipping-taxable","71":"purchasable","72":"product-type-variable"},"bundled_by":[],"bundle_stock_status":"instock","bundle_stock_quantity":null,"bundle_virtual":false,"bundle_layout":"","bundle_add_to_cart_form_location":"","bundle_editable_in_cart":false,"bundle_sold_individually_context":"","bundle_item_grouping":"","bundle_min_size":"","bundle_max_size":"","bundle_price":[],"bundled_items":[],"bundle_sell_ids":[],"jetpack_sharing_enabled":true,"_links":{"self":[{"href":"https:\/\/lessencearoma.com\/es\/wp-json\/wp\/v2\/product\/6593","targetHints":{"allow":["GET"]}}],"collection":[{"href":"https:\/\/lessencearoma.com\/es\/wp-json\/wp\/v2\/product"}],"about":[{"href":"https:\/\/lessencearoma.com\/es\/wp-json\/wp\/v2\/types\/product"}],"replies":[{"embeddable":true,"href":"https:\/\/lessencearoma.com\/es\/wp-json\/wp\/v2\/comments?post=6593"}],"wp:featuredmedia":[{"embeddable":true,"href":"https:\/\/lessencearoma.com\/es\/wp-json\/wp\/v2\/media\/11843"}],"wp:attachment":[{"href":"https:\/\/lessencearoma.com\/es\/wp-json\/wp\/v2\/media?parent=6593"}],"wp:term":[{"taxonomy":"product_brand","embeddable":true,"href":"https:\/\/lessencearoma.com\/es\/wp-json\/wp\/v2\/product_brand?post=6593"},{"taxonomy":"product_cat","embeddable":true,"href":"https:\/\/lessencearoma.com\/es\/wp-json\/wp\/v2\/product_cat?post=6593"},{"taxonomy":"product_tag","embeddable":true,"href":"https:\/\/lessencearoma.com\/es\/wp-json\/wp\/v2\/product_tag?post=6593"}],"curies":[{"name":"wp","href":"https:\/\/api.w.org\/{rel}","templated":true}]}}