{"id":6607,"date":"2025-04-16T17:49:05","date_gmt":"2025-04-16T17:49:05","guid":{"rendered":"https:\/\/lessencearoma.com\/?post_type=product&#038;p=6607"},"modified":"2025-11-30T23:41:37","modified_gmt":"2025-12-01T03:41:37","slug":"luxury-edition-seduction","status":"publish","type":"product","link":"https:\/\/lessencearoma.com\/es\/essential-oils-cat\/woody\/luxury-edition-seduction\/","title":{"rendered":"EDICI\u00d3N DE LUJO \u2013 SEDUCCI\u00d3N"},"content":{"rendered":"<p><strong data-start=\"1425\" data-end=\"1437\">Seducci\u00f3n<\/strong><\/p>\n<p>C\u00f3mo usar<\/p>\n<p>En L\u2019Essence Paris, nuestras fragancias est\u00e1n dise\u00f1adas exclusivamente para usarse con difusores de aire fr\u00edo, brindando una experiencia de aroma lujosa en cada espacio.<\/p>\n<ul>\n<li>Retira la botella del difusor.<\/li>\n<li>A\u00f1ade tu fragancia favorita de L'Essence Paris.<\/li>\n<li>Atornilla firmemente la botella de nuevo en el difusor en posici\u00f3n vertical.<\/li>\n<li>Ajusta la intensidad a tu nivel deseado y disfruta de una atm\u00f3sfera arom\u00e1tica refinada.<\/li>\n<\/ul>\n<p>Nota: No requiere mezcla con agua u otros productos.<\/p>\n<p>Nuestras fragancias son solo para uso en difusores. No aplicar sobre la piel ni ingerir.<\/p>","protected":false},"excerpt":{"rendered":"<p><strong>Seducci\u00f3n\u00a0<\/strong><\/p>\n<p class=\"translation-block\"><strong>Inspirado<\/strong>\u00a0<strong>por<\/strong>\u00a0<strong>Tom Ford<\/strong><\/p>\n<p>Poderosa y magn\u00e9tica, Seduction es una fragancia que cautiva los sentidos con su intensa sofisticaci\u00f3n.<strong>Inspirada en<\/strong>\u00a0<strong>de<\/strong>\u00a0<strong>Tom Ford<\/strong><\/p>\n<p>Se abre con una explosi\u00f3n fresca de eucalipto, que da paso a un coraz\u00f3n profundo de madera de cedro y pachul\u00ed, creando una atm\u00f3sfera audaz, amaderada y elegante. Inspirada en la ic\u00f3nica esencia de Tom Ford, esta creaci\u00f3n encarna el misterio, la fuerza y \u200b\u200bun encanto irresistible.<\/p>\n<p>Perfecta para aquellas que buscan dejar una impresi\u00f3n duradera.<\/p>\n<p data-end=\"1269\">","protected":false},"featured_media":11881,"comment_status":"open","ping_status":"closed","template":"","meta":{"_joinchat":[]},"product_brand":[],"product_cat":[207,216],"product_tag":[],"class_list":{"0":"post-6607","1":"product","2":"type-product","3":"status-publish","4":"has-post-thumbnail","6":"product_cat-luxury-edition-cat","7":"product_cat-woody","8":"pa_fragrance-family-luxury-edition","9":"pa_fragrance-family-woody","10":"pa_size-100-ml","11":"pa_size-500-ml","13":"first","14":"instock","15":"taxable","16":"shipping-taxable","17":"purchasable","18":"product-type-variable"},"bundled_by":[],"bundle_stock_status":"instock","bundle_stock_quantity":null,"bundle_virtual":false,"bundle_layout":"","bundle_add_to_cart_form_location":"","bundle_editable_in_cart":false,"bundle_sold_individually_context":"","bundle_item_grouping":"","bundle_min_size":"","bundle_max_size":"","bundle_price":[],"bundled_items":[],"bundle_sell_ids":[],"jetpack_sharing_enabled":true,"_links":{"self":[{"href":"https:\/\/lessencearoma.com\/es\/wp-json\/wp\/v2\/product\/6607","targetHints":{"allow":["GET"]}}],"collection":[{"href":"https:\/\/lessencearoma.com\/es\/wp-json\/wp\/v2\/product"}],"about":[{"href":"https:\/\/lessencearoma.com\/es\/wp-json\/wp\/v2\/types\/product"}],"replies":[{"embeddable":true,"href":"https:\/\/lessencearoma.com\/es\/wp-json\/wp\/v2\/comments?post=6607"}],"wp:featuredmedia":[{"embeddable":true,"href":"https:\/\/lessencearoma.com\/es\/wp-json\/wp\/v2\/media\/11881"}],"wp:attachment":[{"href":"https:\/\/lessencearoma.com\/es\/wp-json\/wp\/v2\/media?parent=6607"}],"wp:term":[{"taxonomy":"product_brand","embeddable":true,"href":"https:\/\/lessencearoma.com\/es\/wp-json\/wp\/v2\/product_brand?post=6607"},{"taxonomy":"product_cat","embeddable":true,"href":"https:\/\/lessencearoma.com\/es\/wp-json\/wp\/v2\/product_cat?post=6607"},{"taxonomy":"product_tag","embeddable":true,"href":"https:\/\/lessencearoma.com\/es\/wp-json\/wp\/v2\/product_tag?post=6607"}],"curies":[{"name":"wp","href":"https:\/\/api.w.org\/{rel}","templated":true}]}}